{"id":14630,"date":"2023-09-29T18:42:46","date_gmt":"2023-09-29T18:42:46","guid":{"rendered":""},"modified":"2025-08-23T11:27:29","modified_gmt":"2025-08-23T09:27:29","slug":"gremaxa-greckie-brandy-250ml","status":"publish","type":"product","link":"https:\/\/tdbeer.ee\/et\/p\/gremaxa-greckie-brandy-250ml\/","title":{"rendered":"GREMAXA Greckie Brandy 250ml"},"content":{"rendered":"<p><span style=\"font-size: 14px;\">Aroomile on iseloomulik rikkalik ja kompleksne noot, mis \u00fchendab mee ja puuviljade, n\u00e4iteks viinamarjade ja ploomide, erilise magususe. Taustal ilmuvad peened v\u00fcrtsinoodid, n\u00e4iteks kaneel ja nelk, lisades s\u00fcgavust. \u00dcldine tekstuur on \u00f5rn, peaaegu kreemjas, m\u00e4rgatava, kergelt puiduse j\u00e4relmaitsega, mis tasakaalustab magusaid ja puuviljaseid noote.<\/span><\/p>\n<p><span style=\"font-size: 14px;\">250 ml \u2013 piisavalt essentsi umbes 7,5 liitri alkoholi jaoks<\/span><br \/>\n<span style=\"font-size: 14px;\">25 ml \u2013 750 ml pudeli jaoks<\/span><\/p>\n<p><span style=\"font-size: 14px;\">Juhend: Valage 25 ml essentsi 750 ml pudelisse ja lisage peale 40% viina (v\u00f5i 100%, vastavalt soovile). Loksutage, laske 24 tundi seista ja see on valmis. Pikem &#8220;leevendamise&#8221; aeg tugevdab maitset.<\/span><\/p>","protected":false},"excerpt":{"rendered":"<h3><span style=\"font-size: 16px;\">Essents &#8220;Strands Essens GREMAXA Greckie Brandy 250ml&#8221;<\/span><\/h3>\n","protected":false},"featured_media":14631,"template":"","meta":[],"product_cat":[405,475],"product_tag":[],"_links":{"self":[{"href":"https:\/\/tdbeer.ee\/et\/wp-json\/wp\/v2\/product\/14630"}],"collection":[{"href":"https:\/\/tdbeer.ee\/et\/wp-json\/wp\/v2\/product"}],"about":[{"href":"https:\/\/tdbeer.ee\/et\/wp-json\/wp\/v2\/types\/product"}],"wp:featuredmedia":[{"embeddable":true,"href":"https:\/\/tdbeer.ee\/et\/wp-json\/wp\/v2\/media\/14631"}],"wp:attachment":[{"href":"https:\/\/tdbeer.ee\/et\/wp-json\/wp\/v2\/media?parent=14630"}],"wp:term":[{"taxonomy":"product_cat","embeddable":true,"href":"https:\/\/tdbeer.ee\/et\/wp-json\/wp\/v2\/product_cat?post=14630"},{"taxonomy":"product_tag","embeddable":true,"href":"https:\/\/tdbeer.ee\/et\/wp-json\/wp\/v2\/product_tag?post=14630"}],"curies":[{"name":"wp","href":"https:\/\/api.w.org\/{rel}","templated":true}]}}