{"id":14632,"date":"2023-09-29T18:42:46","date_gmt":"2023-09-29T18:42:46","guid":{"rendered":""},"modified":"2025-08-23T12:31:58","modified_gmt":"2025-08-23T10:31:58","slug":"old-baltimore-whiskey-250ml","status":"publish","type":"product","link":"https:\/\/tdbeer.ee\/et\/p\/old-baltimore-whiskey-250ml\/","title":{"rendered":"Old Baltmore Whiskey 250ml"},"content":{"rendered":"<p><span style=\"font-size: 14px;\">Vana Baltimore&#8217;i viski iseloomulikku stiili v\u00f5ib kirjeldada kui elegantset, tasakaalustatud, \u00f5rna ja magusat. See viski laagerdub ainult tammepuust burboonivaadudes.<\/span><\/p>\n<p><span style=\"font-size: 14px;\">BALTIMORE&#8217;i viski maitseid on kahte t\u00fc\u00fcpi. Kunagine maitse kannab nime OLD BALTIMORE WHISKEY ja uus maitse, mida tootja hiljuti modifitseeris, on BALTIMORE SCOTCH WHISKEY.<\/span><\/p>\n<p><span style=\"font-size: 14px;\">Juhend: vala 25 ml essentsi 750 ml pudelisse ja lisa 40% viina (v\u00f5i kangem vastavalt oma \u00e4ran\u00e4gemisele). Loksuta, lase 24 tundi seista ja valmis. Pikem &#8220;hammustamine&#8221; parandab joogi maitset.<\/span><\/p>","protected":false},"excerpt":{"rendered":"<h3><span style=\"font-size: 16px;\">Essents &#8220;Strands Essens Old Baltmore Whiskey 250ml&#8221;<\/span><\/h3>\n","protected":false},"featured_media":15791,"template":"","meta":[],"product_cat":[405,475],"product_tag":[],"_links":{"self":[{"href":"https:\/\/tdbeer.ee\/et\/wp-json\/wp\/v2\/product\/14632"}],"collection":[{"href":"https:\/\/tdbeer.ee\/et\/wp-json\/wp\/v2\/product"}],"about":[{"href":"https:\/\/tdbeer.ee\/et\/wp-json\/wp\/v2\/types\/product"}],"wp:featuredmedia":[{"embeddable":true,"href":"https:\/\/tdbeer.ee\/et\/wp-json\/wp\/v2\/media\/15791"}],"wp:attachment":[{"href":"https:\/\/tdbeer.ee\/et\/wp-json\/wp\/v2\/media?parent=14632"}],"wp:term":[{"taxonomy":"product_cat","embeddable":true,"href":"https:\/\/tdbeer.ee\/et\/wp-json\/wp\/v2\/product_cat?post=14632"},{"taxonomy":"product_tag","embeddable":true,"href":"https:\/\/tdbeer.ee\/et\/wp-json\/wp\/v2\/product_tag?post=14632"}],"curies":[{"name":"wp","href":"https:\/\/api.w.org\/{rel}","templated":true}]}}