{"id":14636,"date":"2023-09-29T18:42:46","date_gmt":"2023-09-29T18:42:46","guid":{"rendered":""},"modified":"2025-08-14T11:36:10","modified_gmt":"2025-08-14T09:36:10","slug":"maltoosa-vahva-munk","status":"publish","type":"product","link":"https:\/\/tdbeer.ee\/et\/p\/maltoosa-vahva-munk\/","title":{"rendered":"Maltoosa Vahva Munk"},"content":{"rendered":"<p><span style=\"font-size: 14px;\">Sellest komplektist saab nautlejale m\u00f5eldud rikkaliku maitsebuketiga tume ale t\u00fc\u00fcpi gurmee\u00f5lu. Salap\u00e4rase algusmaitsega v\u00f5istleb humal.<\/span><br \/>\n<span style=\"font-size: 14px;\">Komplekt sisaldab:<\/span><br \/>\n<span style=\"font-size: 14px;\">-Linnaseekstrakt humalaga 2,4 kg<\/span><br \/>\n<span style=\"font-size: 14px;\">-\u00d5llep\u00e4rm<\/span><br \/>\n<span style=\"font-size: 14px;\">-Valmistusjuhend<\/span><br \/>\n<span style=\"font-size: 14px;\">20 liitri kodu\u00f5lle pruulimiseks. 800g suhkru lisamisel tuleb kangust ligikaudu 5% mahust.<\/span><\/p>","protected":false},"excerpt":{"rendered":"<h3><span style=\"font-size: 16px;\">Maltoosa Vahva Munk<\/span><\/h3>\n","protected":false},"featured_media":14637,"template":"","meta":[],"product_cat":[370,371,408],"product_tag":[],"_links":{"self":[{"href":"https:\/\/tdbeer.ee\/et\/wp-json\/wp\/v2\/product\/14636"}],"collection":[{"href":"https:\/\/tdbeer.ee\/et\/wp-json\/wp\/v2\/product"}],"about":[{"href":"https:\/\/tdbeer.ee\/et\/wp-json\/wp\/v2\/types\/product"}],"wp:featuredmedia":[{"embeddable":true,"href":"https:\/\/tdbeer.ee\/et\/wp-json\/wp\/v2\/media\/14637"}],"wp:attachment":[{"href":"https:\/\/tdbeer.ee\/et\/wp-json\/wp\/v2\/media?parent=14636"}],"wp:term":[{"taxonomy":"product_cat","embeddable":true,"href":"https:\/\/tdbeer.ee\/et\/wp-json\/wp\/v2\/product_cat?post=14636"},{"taxonomy":"product_tag","embeddable":true,"href":"https:\/\/tdbeer.ee\/et\/wp-json\/wp\/v2\/product_tag?post=14636"}],"curies":[{"name":"wp","href":"https:\/\/api.w.org\/{rel}","templated":true}]}}