{"id":15507,"date":"2025-03-27T22:43:05","date_gmt":"2025-03-27T20:43:05","guid":{"rendered":"https:\/\/tdbeer.ee\/ru\/?post_type=product&#038;p=15507"},"modified":"2025-08-22T14:37:38","modified_gmt":"2025-08-22T12:37:38","slug":"28l-roostevabast-terasest-destilleerimisaparaat-3-kuivatusnouga-aroma-premium-clasic","status":"publish","type":"product","link":"https:\/\/tdbeer.ee\/et\/p\/28l-roostevabast-terasest-destilleerimisaparaat-3-kuivatusnouga-aroma-premium-clasic\/","title":{"rendered":"28L roostevabast terasest destilleerimisaparaat 3 kuivatusn\u00f5uga AROMA PREMIUM CLASIC"},"content":{"rendered":"<p>28L roostevabast terasest destilleerimisaparaat 3 kuivatusn\u00f5uga AROMA PREMIUM CLASIC<\/p>\n<p><span style=\"font-size: 14px;\">K\u00f5rgekvaliteediline destilleerimiskomplekt, mis kestab aastaid.<\/span><\/p>\n<p><span style=\"font-size: 14px;\">T\u00e4iskomplekt \u2013 kohe kasutusvalmis!<\/span><\/p>\n<p><span style=\"font-size: 14px;\">Destillatsioonikolonn 3 kuivatusn\u00f5uga \u2013 sobib igasugustele kruvitavatele purkidele, mille kaela l\u00e4bim\u00f5\u00f5t on 82 mm (ei kuulu komplekti).<\/span><\/p>\n<p><span style=\"font-size: 14px;\">Jahuti pikkusega 34,5 cm ja l\u00e4bim\u00f5\u00f5duga 3 cm.<\/span><\/p>\n<p><span style=\"font-size: 14px;\">Ferromagnetiline p\u00f5hi sobib induktsioon-, gaasi- ja elektripliitidele.<\/span><\/p>\n<p><span style=\"font-size: 14px;\">Katla kaas on varustatud 2-tollise klambriga v\u00e4ljundiga. Klamber\u00fchendus tagab kiire ja mugava kokkupaneku ja lahtiv\u00f5tmise, s\u00e4ilitades tiheduse.<\/span><\/p>\n<p><span style=\"font-size: 14px;\">Kuumakindla kattega k\u00e4epidemed.<\/span><\/p>\n<p><span style=\"font-size: 14px;\">K\u00f5rgekvaliteediline toiduklassi roostevaba teras AISI 304. Toiduterase omadused ei muuda alkoholi koostist ega m\u00f5juta l\u00f5pptoodet.<\/span><\/p>\n<p><span style=\"font-size: 14px;\">Kuumutus:<\/span><\/p>\n<p><span style=\"font-size: 14px;\">Ferromagnetiline p\u00f5hi sobib induktsioon-, gaasi- ja elektripliitidele.<\/span><\/p>\n<p><span style=\"font-size: 14px;\">K\u00fcttekeha (TEN) \u2013 kuup on varustatud 2&#8243; v\u00e4ljundiga k\u00fcttekehale.<\/span><\/p>\n<p><span style=\"font-size: 14px;\">T\u00e4iskomplekt sisaldab:<\/span><\/p>\n<p><span style=\"font-size: 14px;\">28L destillatsioonikatel: 1 tk<\/span><\/p>\n<p><span style=\"font-size: 14px;\">Destillatsioonikolonn: 1 tk<\/span><\/p>\n<p><span style=\"font-size: 14px;\">Kiir\u00fchendus \u00d810mm: 2 tk<\/span><\/p>\n<p><span style=\"font-size: 14px;\">PU voolik 10\u00d76,5 mm: 2 m<\/span><\/p>\n<p><span style=\"font-size: 14px;\">Voolikuklambri kraan: 1 tk<\/span><\/p>\n<p><span style=\"font-size: 14px;\">2&#8243; klambersulgur: 2 tk<\/span><\/p>\n<p><span style=\"font-size: 14px;\">2&#8243; silikoonist tihend klambri jaoks: 2 tk<\/span><\/p>\n<p><span style=\"font-size: 14px;\">2&#8243; 51mm klambrikork: 1 tk<\/span><\/p>\n<p><span style=\"font-size: 14px;\">Elektrooniline termomeeter: 1 tk<\/span><\/p>\n<p><span style=\"font-size: 14px;\">Kuulkraan 1\/2&#8243;: 1 tk<\/span><\/p>\n<p><span style=\"font-size: 14px;\">\u00dcler\u00f5huklapp: 1 tk<\/span><\/p>","protected":false},"excerpt":{"rendered":"<h3><span style=\"font-size: 16px;\">28L roostevabast terasest destilleerimisaparaat 3 kuivatusn\u00f5uga AROMA PREMIUM CLASSIC<\/span><\/h3>\n","protected":false},"featured_media":15508,"template":"","meta":[],"product_cat":[526,529],"product_tag":[],"_links":{"self":[{"href":"https:\/\/tdbeer.ee\/et\/wp-json\/wp\/v2\/product\/15507"}],"collection":[{"href":"https:\/\/tdbeer.ee\/et\/wp-json\/wp\/v2\/product"}],"about":[{"href":"https:\/\/tdbeer.ee\/et\/wp-json\/wp\/v2\/types\/product"}],"wp:featuredmedia":[{"embeddable":true,"href":"https:\/\/tdbeer.ee\/et\/wp-json\/wp\/v2\/media\/15508"}],"wp:attachment":[{"href":"https:\/\/tdbeer.ee\/et\/wp-json\/wp\/v2\/media?parent=15507"}],"wp:term":[{"taxonomy":"product_cat","embeddable":true,"href":"https:\/\/tdbeer.ee\/et\/wp-json\/wp\/v2\/product_cat?post=15507"},{"taxonomy":"product_tag","embeddable":true,"href":"https:\/\/tdbeer.ee\/et\/wp-json\/wp\/v2\/product_tag?post=15507"}],"curies":[{"name":"wp","href":"https:\/\/api.w.org\/{rel}","templated":true}]}}