{"id":15517,"date":"2025-03-27T22:57:19","date_gmt":"2025-03-27T20:57:19","guid":{"rendered":"https:\/\/tdbeer.ee\/ru\/?post_type=product&#038;p=15517"},"modified":"2025-12-19T12:26:51","modified_gmt":"2025-12-19T10:26:51","slug":"28l-destilleerimisaparaat-kolonniga-o28-40mm-51cm-aroma-premium-start","status":"publish","type":"product","link":"https:\/\/tdbeer.ee\/et\/p\/28l-destilleerimisaparaat-kolonniga-o28-40mm-51cm-aroma-premium-start\/","title":{"rendered":"28L destilleerimisaparaat kolonniga \u00d828-40mm 51cm AROMA PREMIUM START"},"content":{"rendered":"<p>28L destilleerimisaparaat kolonniga \u00d828-40mm 51cm AROMA PREMIUM START<\/p>\n<p><span style=\"font-size: 14px;\">K\u00f5rgekvaliteediline destilleerimiskomplekt, mis kestab aastaid.<\/span><\/p>\n<p><span style=\"font-size: 14px;\">T\u00e4iskomplekt \u2013 alusta kohe!<\/span><\/p>\n<p><span style=\"font-size: 14px;\">Destilleerimiskolonn:<\/span><\/p>\n<p><span style=\"font-size: 14px;\">S\u00e4\u00e4stab destillaadi filtreerimist 2-3 korda<\/span><\/p>\n<p><span style=\"font-size: 14px;\">Kolonn ei ole lahtiv\u00f5etav<\/span><\/p>\n<p><span style=\"font-size: 14px;\">Deflegmaator: 15,5 cm, l\u00e4bim\u00f5\u00f5t 40 mm<\/span><br \/>\n<span style=\"font-size: 14px;\">Kondensaator: 34,5 cm, l\u00e4bim\u00f5\u00f5t 28 mm<\/span><br \/>\n<span style=\"font-size: 14px;\">Destilleerimiskolonni k\u00f5rgus: 51 cm<\/span><\/p>\n<p><span style=\"font-size: 14px;\">Mahuti on valmistatud roostevabast toiduterasest AISI 304 ja sellel on ferromagnetiline p\u00f5hi, mis v\u00f5imaldab kasutamist induktsioonpliidil.<\/span><\/p>\n<p><span style=\"font-size: 14px;\">K\u00e4epidemed kuumakindla kattega.<\/span><br \/>\n<span style=\"font-size: 14px;\">See materjal ei deformeeru kuumuse ega k\u00f5rge r\u00f5hu m\u00f5jul.<\/span><\/p>\n<p><span style=\"font-size: 14px;\">Toiduteras ei reageeri alkoholiga ega m\u00f5juta l\u00f5pptoodet.<\/span><\/p>\n<p><span style=\"font-size: 14px;\">K\u00fcte:<\/span><\/p>\n<p><span style=\"font-size: 14px;\">Ferromagnetiline p\u00f5hi sobib induktsioon-, gaasi- ja elektripliitidele<\/span><\/p>\n<p><span style=\"font-size: 14px;\">K\u00fcttekeha (mahutil on 2&#8243; v\u00e4ljund k\u00fcttekehale)<\/span><\/p>\n<p><span style=\"font-size: 14px;\">T\u00e4iskomplekt sisaldab:<\/span><\/p>\n<p><span style=\"font-size: 14px;\">28L destilleerimisanum: 1 tk<\/span><\/p>\n<p><span style=\"font-size: 14px;\">Destilleerimiskolonn: 1 tk<\/span><\/p>\n<p><span style=\"font-size: 14px;\">Elektrooniline termomeeter: 1 tk<\/span><\/p>\n<p><span style=\"font-size: 14px;\">Termomeetri nipel: 2 tk<\/span><\/p>\n<p><span style=\"font-size: 14px;\">2&#8243; klambrikinnitus: 2 tk<\/span><\/p>\n<p><span style=\"font-size: 14px;\">2&#8243; silikoonist tihend klambrile: 2 tk<\/span><\/p>\n<p><span style=\"font-size: 14px;\">2&#8243; klambri kork (51mm): 1 tk<\/span><\/p>\n<p><span style=\"font-size: 14px;\">\u00dcler\u00f5huklapp: 1 tk<\/span><\/p>\n<p><span style=\"font-size: 14px;\">PU voolik 10&#215;6,5 mm: 4 m<\/span><\/p>\n<p><span style=\"font-size: 14px;\">Adapter kraanile: 1 tk<\/span><\/p>\n<p><span style=\"font-size: 14px;\">Kuulkraan 1\/2&#8243;: 1 tk<\/span><\/p>\n<p><span style=\"font-size: 14px;\">Kiir\u00fchendus \u00d810mm: 4 tk<\/span><\/p>\n<p><span style=\"font-size: 14px;\">Kiir\u00fchendus Y 10mm: 2 tk<\/span><\/p>\n<p><span style=\"font-size: 14px;\">Kiir\u00fchendus n\u00f5elklapp: 1 tk<\/span><\/p>","protected":false},"excerpt":{"rendered":"<h3><span style=\"font-size: 16px;\">28L destilleerimisaparaat kolonniga \u00d828-40mm 51cm AROMA PREMIUM START<\/span><\/h3>\n","protected":false},"featured_media":15518,"template":"","meta":[],"product_cat":[526,529],"product_tag":[],"_links":{"self":[{"href":"https:\/\/tdbeer.ee\/et\/wp-json\/wp\/v2\/product\/15517"}],"collection":[{"href":"https:\/\/tdbeer.ee\/et\/wp-json\/wp\/v2\/product"}],"about":[{"href":"https:\/\/tdbeer.ee\/et\/wp-json\/wp\/v2\/types\/product"}],"wp:featuredmedia":[{"embeddable":true,"href":"https:\/\/tdbeer.ee\/et\/wp-json\/wp\/v2\/media\/15518"}],"wp:attachment":[{"href":"https:\/\/tdbeer.ee\/et\/wp-json\/wp\/v2\/media?parent=15517"}],"wp:term":[{"taxonomy":"product_cat","embeddable":true,"href":"https:\/\/tdbeer.ee\/et\/wp-json\/wp\/v2\/product_cat?post=15517"},{"taxonomy":"product_tag","embeddable":true,"href":"https:\/\/tdbeer.ee\/et\/wp-json\/wp\/v2\/product_tag?post=15517"}],"curies":[{"name":"wp","href":"https:\/\/api.w.org\/{rel}","templated":true}]}}