{"id":15519,"date":"2025-03-27T23:16:33","date_gmt":"2025-03-27T21:16:33","guid":{"rendered":"https:\/\/tdbeer.ee\/ru\/?post_type=product&#038;p=15519"},"modified":"2025-08-22T14:34:20","modified_gmt":"2025-08-22T12:34:20","slug":"28l-destilleerimisseade-2-b-1-aroma-premium-gin-classic","status":"publish","type":"product","link":"https:\/\/tdbeer.ee\/et\/p\/28l-destilleerimisseade-2-b-1-aroma-premium-gin-classic\/","title":{"rendered":"28L destilleerimisseade 2-B-1 AROMA PREMIUM GIN CLASSIC"},"content":{"rendered":"<p>28L destilleerimisseade 2-B-1 AROMA PREMIUM GIN CLASSIC<br \/>\n<span style=\"font-size: 14px;\">T\u00e4iskomplekt \u2013 kohe kasutamiseks valmis!<\/span><\/p>\n<p><span style=\"font-size: 14px;\">Kahetolline kolonn 42 cm koos 30 cm jahutiga. Kolonni \u00fclaosas on 2&#8243; lisaliides funktsionaalsuse laiendamiseks, n\u00e4iteks saab lisada d\u017einnikorvi jne.<\/span><\/p>\n<p><span style=\"font-size: 14px;\">Mahuti on valmistatud toidukvaliteediga roostevabast terasest AISI 304, millel on ferromagnetiline p\u00f5hi, mis v\u00f5imaldab seda kasutada induktsioonpliidil.<\/span><\/p>\n<p><span style=\"font-size: 14px;\">K\u00e4epidemed on kuumakindla kattega.<\/span><\/p>\n<p><span style=\"font-size: 14px;\">Toiduterase materjal ei reageeri alkoholiga ega m\u00f5juta l\u00f5pptoodet. See materjal ei deformeeru kuumuse ega k\u00f5rge r\u00f5hu t\u00f5ttu.<\/span><\/p>\n<p><span style=\"font-size: 14px;\">K\u00fcte:<\/span><\/p>\n<p><span style=\"font-size: 14px;\">Ferromagnetiline p\u00f5hi sobib induktsioon-, gaasi- ja elektripliitidele.<\/span><\/p>\n<p><span style=\"font-size: 14px;\">TEN (mahutil on 2&#8243; avaus TEN-i jaoks).<\/span><\/p>\n<p><span style=\"font-size: 14px;\">T\u00e4iskomplekt:<\/span><\/p>\n<p><span style=\"font-size: 14px;\">28L destilleerimiskatel: 1 tk.<\/span><\/p>\n<p><span style=\"font-size: 14px;\">2-in-1 destilleerimiskolonn: 1 tk.<\/span><\/p>\n<p><span style=\"font-size: 14px;\">2&#8243; korv, 30 cm: 1 tk.<\/span><\/p>\n<p><span style=\"font-size: 14px;\">2&#8243; klambrikinnitus: 2 tk.<\/span><\/p>\n<p><span style=\"font-size: 14px;\">2&#8243; silikoonist tihend klambrile: 2 tk.<\/span><\/p>\n<p><span style=\"font-size: 14px;\">2&#8243; klambri kork 51 mm: 1 tk.<\/span><\/p>\n<p><span style=\"font-size: 14px;\">Elektriline termomeeter: 1 tk.<\/span><\/p>\n<p><span style=\"font-size: 14px;\">Termomeetri nipel: 1 tk.<\/span><\/p>\n<p><span style=\"font-size: 14px;\">\u00dcler\u00f5huklapp: 1 tk.<\/span><\/p>\n<p><span style=\"font-size: 14px;\">Kraani adapter: 1 tk.<\/span><\/p>\n<p><span style=\"font-size: 14px;\">Kiir\u00fchendus \u00d810mm: 2 tk.<\/span><\/p>\n<p><span style=\"font-size: 14px;\">Kuulkraan 1\/2&#8243;: 1 tk.<\/span><\/p>\n<p><span style=\"font-size: 14px;\">PU voolik 10&#215;6,5 mm: 3 m.<\/span><\/p>","protected":false},"excerpt":{"rendered":"<h3><span style=\"font-size: 16px;\">28L destilleerimisseade 2-B-1 AROMA PREMIUM GIN CLASSIC<\/span><\/h3>\n","protected":false},"featured_media":15520,"template":"","meta":[],"product_cat":[526,529],"product_tag":[],"_links":{"self":[{"href":"https:\/\/tdbeer.ee\/et\/wp-json\/wp\/v2\/product\/15519"}],"collection":[{"href":"https:\/\/tdbeer.ee\/et\/wp-json\/wp\/v2\/product"}],"about":[{"href":"https:\/\/tdbeer.ee\/et\/wp-json\/wp\/v2\/types\/product"}],"wp:featuredmedia":[{"embeddable":true,"href":"https:\/\/tdbeer.ee\/et\/wp-json\/wp\/v2\/media\/15520"}],"wp:attachment":[{"href":"https:\/\/tdbeer.ee\/et\/wp-json\/wp\/v2\/media?parent=15519"}],"wp:term":[{"taxonomy":"product_cat","embeddable":true,"href":"https:\/\/tdbeer.ee\/et\/wp-json\/wp\/v2\/product_cat?post=15519"},{"taxonomy":"product_tag","embeddable":true,"href":"https:\/\/tdbeer.ee\/et\/wp-json\/wp\/v2\/product_tag?post=15519"}],"curies":[{"name":"wp","href":"https:\/\/api.w.org\/{rel}","templated":true}]}}