{"id":15701,"date":"2025-08-13T14:18:35","date_gmt":"2025-08-13T12:18:35","guid":{"rendered":"https:\/\/tdbeer.ee\/ru\/?post_type=product&#038;p=15701"},"modified":"2025-09-13T12:01:26","modified_gmt":"2025-09-13T10:01:26","slug":"destilleerimis-ja-survekeetja-2-uhes-12l","status":"publish","type":"product","link":"https:\/\/tdbeer.ee\/et\/p\/destilleerimis-ja-survekeetja-2-uhes-12l\/","title":{"rendered":"Destilleerimis- ja survekeetja kaks-\u00fches 12L"},"content":{"rendered":"<p><span style=\"font-size: 14px;\">Materjal: roostevaba teras<\/span><br \/>\n<span style=\"font-size: 14px;\">K\u00fctuseallikas: elektriline, induktsioon-, keraamiline, gaasi-, spiraalpliit<\/span><br \/>\n<span style=\"font-size: 14px;\">T\u00f6\u00f6r\u00f5hk: 0,6 baari<\/span><br \/>\n<span style=\"font-size: 14px;\">T\u00f6\u00f6klapi avanemisr\u00f5hk: 0,6 baari<\/span><br \/>\n<span style=\"font-size: 14px;\">Kaitseklapi avanemisr\u00f5hk: 1,1 baari<\/span><br \/>\n<span style=\"font-size: 14px;\">Jahutus spiraaliga, mis on valmistatud 8 mm l\u00e4bim\u00f5\u00f5duga ja \u00fcle 2 m pikkusest torust. Varustatud imbv\u00e4ljav\u00f5ttega.<\/span><\/p>\n<p><span style=\"font-size: 14px;\">Maksimaalne t\u00e4itekogus:<\/span><br \/>\n<span style=\"font-size: 14px;\">-Maksimaalselt 2\/3 mahust (8 l) toidu ja vedelike puhul, mille maht keetmise ajal ei suurene.<\/span><br \/>\n<span style=\"font-size: 14px;\">-Maksimaalselt 1\/2 mahust (6 l) toidu ja vedelike puhul, mille maht keetmise ajal suureneb.<\/span><br \/>\n<span style=\"font-size: 14px;\">-Minimaalne lubatud t\u00e4itekogus: 0,5 l; destilleerimise korral: 2 l.<\/span><\/p>\n<p><span style=\"font-size: 14px;\">Teave termomeetri kohta:<\/span><br \/>\n<span style=\"font-size: 14px;\">-Teromeetrit kasutatakse toote temperatuuri m\u00f5\u00f5tmiseks.<\/span><br \/>\n<span style=\"font-size: 14px;\">&#8211; Roostevabast terasest sond 140 mm pikk<\/span><br \/>\n<span style=\"font-size: 14px;\">&#8211; Temperatuurivahemik: -50 \u00b0C kuni +300 \u00b0C (58 \u00b0F kuni 572 \u00b0F)<\/span><br \/>\n<span style=\"font-size: 14px;\">&#8211; Viga: \u00b11 \u00b0C<\/span><br \/>\n<span style=\"font-size: 14px;\">&#8211; \u00b0C\/\u00b0F nupp (l\u00fclitumine Celsiuse\/Fahrenheiti skaalale)<\/span><br \/>\n<span style=\"font-size: 14px;\">&#8211; ON\/OFF nupp<\/span><br \/>\n<span style=\"font-size: 14px;\">&#8211; HOLD nupp (m\u00f5\u00f5tetulemuste indikaatoril peatumine)<\/span><br \/>\n<span style=\"font-size: 14px;\">&#8211; MAX\/MIN nupp (salvestatud maksimaalsete ja minimaalsete m\u00f5\u00f5tmistulemuste kuvamine)<\/span><\/p>\n<p><span style=\"font-size: 14px;\">Patarei: 1xLR44 (kaasas)<\/span><\/p>","protected":false},"excerpt":{"rendered":"<h3><span style=\"font-size: 16px;\">Destilleerimis- ja survekeetja 2-\u00fches 12L<\/span><\/h3>\n","protected":false},"featured_media":15703,"template":"","meta":[],"product_cat":[526,529],"product_tag":[],"_links":{"self":[{"href":"https:\/\/tdbeer.ee\/et\/wp-json\/wp\/v2\/product\/15701"}],"collection":[{"href":"https:\/\/tdbeer.ee\/et\/wp-json\/wp\/v2\/product"}],"about":[{"href":"https:\/\/tdbeer.ee\/et\/wp-json\/wp\/v2\/types\/product"}],"wp:featuredmedia":[{"embeddable":true,"href":"https:\/\/tdbeer.ee\/et\/wp-json\/wp\/v2\/media\/15703"}],"wp:attachment":[{"href":"https:\/\/tdbeer.ee\/et\/wp-json\/wp\/v2\/media?parent=15701"}],"wp:term":[{"taxonomy":"product_cat","embeddable":true,"href":"https:\/\/tdbeer.ee\/et\/wp-json\/wp\/v2\/product_cat?post=15701"},{"taxonomy":"product_tag","embeddable":true,"href":"https:\/\/tdbeer.ee\/et\/wp-json\/wp\/v2\/product_tag?post=15701"}],"curies":[{"name":"wp","href":"https:\/\/api.w.org\/{rel}","templated":true}]}}