{"id":15706,"date":"2025-08-14T11:09:10","date_gmt":"2025-08-14T09:09:10","guid":{"rendered":"https:\/\/tdbeer.ee\/ru\/?post_type=product&#038;p=15706"},"modified":"2026-02-11T13:27:26","modified_gmt":"2026-02-11T11:27:26","slug":"maltoosa-kirss-mai-ass","status":"publish","type":"product","link":"https:\/\/tdbeer.ee\/et\/p\/maltoosa-kirss-mai-ass\/","title":{"rendered":"Maltoosa Kirss Mai \u00c4ss"},"content":{"rendered":"<p><span style=\"font-size: 14px;\">Kirsid mais \u00f5itsevad. \u00c4ssad aga pruulivad kirsi\u00f5lut!<\/span><br \/>\n<span style=\"font-size: 14px;\">Kodu\u00f5llekomplekt, millest saab m\u00f5nusalt kirsise tumeda \u00f5lle.<\/span><br \/>\n<span style=\"font-size: 14px;\">Komplekt sisaldab:<\/span><br \/>\n<span style=\"font-size: 14px;\">-Linnaseekstrakt humalaga 2,4 kg<\/span><br \/>\n<span style=\"font-size: 14px;\">-\u00d5llep\u00e4rm<\/span><br \/>\n<span style=\"font-size: 14px;\">-Valmistusjuhend<\/span><br \/>\n<span style=\"font-size: 14px;\">20 liitri kodu\u00f5lle pruulimiseks. 800g suhkru lisamisel tuleb kangust ligikaudu 5% mahust.<\/span><\/p>","protected":false},"excerpt":{"rendered":"<h3><span style=\"font-size: 16px;\">Maltoosa Kirss Mai \u00c4ss!<\/span><\/h3>\n","protected":false},"featured_media":15707,"template":"","meta":[],"product_cat":[370,371,408],"product_tag":[],"_links":{"self":[{"href":"https:\/\/tdbeer.ee\/et\/wp-json\/wp\/v2\/product\/15706"}],"collection":[{"href":"https:\/\/tdbeer.ee\/et\/wp-json\/wp\/v2\/product"}],"about":[{"href":"https:\/\/tdbeer.ee\/et\/wp-json\/wp\/v2\/types\/product"}],"wp:featuredmedia":[{"embeddable":true,"href":"https:\/\/tdbeer.ee\/et\/wp-json\/wp\/v2\/media\/15707"}],"wp:attachment":[{"href":"https:\/\/tdbeer.ee\/et\/wp-json\/wp\/v2\/media?parent=15706"}],"wp:term":[{"taxonomy":"product_cat","embeddable":true,"href":"https:\/\/tdbeer.ee\/et\/wp-json\/wp\/v2\/product_cat?post=15706"},{"taxonomy":"product_tag","embeddable":true,"href":"https:\/\/tdbeer.ee\/et\/wp-json\/wp\/v2\/product_tag?post=15706"}],"curies":[{"name":"wp","href":"https:\/\/api.w.org\/{rel}","templated":true}]}}