{"id":15710,"date":"2025-08-14T12:20:14","date_gmt":"2025-08-14T10:20:14","guid":{"rendered":"https:\/\/tdbeer.ee\/ru\/?post_type=product&#038;p=15710"},"modified":"2025-08-14T12:20:14","modified_gmt":"2025-08-14T10:20:14","slug":"bullet-brew-vienna-lager","status":"publish","type":"product","link":"https:\/\/tdbeer.ee\/et\/p\/bullet-brew-vienna-lager\/","title":{"rendered":"Bullet Brew Vienna Lager"},"content":{"rendered":"<p><span style=\"font-size: 14px;\">Koheva vahuga merevaigu karva \u00f5lu. Aroom on linnaseline, millele j\u00e4rgnevad tumedad ploomid ja rosinad. Maitselt pehmelt linnaseline, keskmise kehaga. M\u00f5nus magusus, mis on kergelt tasakaalustatud m\u00f5\u00f5duka kibedusega. Viimistlus on puhas ja kuiv.<\/span><br \/>\n<span style=\"font-size: 14px;\">Komplektist saab valmistada 23L \u00f5lut.<\/span><\/p>\n<p><span style=\"font-size: 14px;\">ABV : 5,0%<\/span><br \/>\n<span style=\"font-size: 14px;\">m\u00f5rudus: IBU 22-28<\/span><br \/>\n<span style=\"font-size: 14px;\">v\u00e4rv: merevaik<\/span><br \/>\n<span style=\"font-size: 14px;\">p\u00e4rm: American West Coast Ale<\/span><br \/>\n<span style=\"font-size: 14px;\">K\u00e4\u00e4ritamiseks lisada 1 kg pruulimissuhkrut v\u00f5i heledat linnaseekstrakti<\/span><br \/>\n<span style=\"font-size: 14px;\">Koostis: Linnaseekstrakt (oder), kuivp\u00e4rm [p\u00e4rm, emulgaator (E491)], humalaekstrakt.<\/span><br \/>\n<span style=\"font-size: 14px;\">Toitumisalane teave:<\/span><br \/>\n<span style=\"font-size: 14px;\">Kogus 100 g toote kohta<\/span><br \/>\n<span style=\"font-size: 14px;\">energiasisaldus 330 kcal \/ 1388 kJ<\/span><br \/>\n<span style=\"font-size: 14px;\">rasvad 0,3 g<\/span><br \/>\n<span style=\"font-size: 14px;\">millest k\u00fcllastunud rasvhapped 0 g<\/span><br \/>\n<span style=\"font-size: 14px;\">s\u00fcsivesikud 74 g<\/span><br \/>\n<span style=\"font-size: 14px;\">millest suhkrud 48,1 g<\/span><br \/>\n<span style=\"font-size: 14px;\">valgud 5,3 g<\/span><br \/>\n<span style=\"font-size: 14px;\">sool 0,06 g<\/span><\/p>\n<p><span style=\"font-size: 14px;\">S\u00e4ilitada kuivas ja jahedas kohas, otsese p\u00e4ikesevalguse k\u00e4est eemal.<\/span><\/p>","protected":false},"excerpt":{"rendered":"<h3><span style=\"font-size: 16px;\">Bullet Brew Vienna Lager 2,5kg<\/span><\/h3>\n","protected":false},"featured_media":15711,"template":"","meta":[],"product_cat":[370,371,758],"product_tag":[],"_links":{"self":[{"href":"https:\/\/tdbeer.ee\/et\/wp-json\/wp\/v2\/product\/15710"}],"collection":[{"href":"https:\/\/tdbeer.ee\/et\/wp-json\/wp\/v2\/product"}],"about":[{"href":"https:\/\/tdbeer.ee\/et\/wp-json\/wp\/v2\/types\/product"}],"wp:featuredmedia":[{"embeddable":true,"href":"https:\/\/tdbeer.ee\/et\/wp-json\/wp\/v2\/media\/15711"}],"wp:attachment":[{"href":"https:\/\/tdbeer.ee\/et\/wp-json\/wp\/v2\/media?parent=15710"}],"wp:term":[{"taxonomy":"product_cat","embeddable":true,"href":"https:\/\/tdbeer.ee\/et\/wp-json\/wp\/v2\/product_cat?post=15710"},{"taxonomy":"product_tag","embeddable":true,"href":"https:\/\/tdbeer.ee\/et\/wp-json\/wp\/v2\/product_tag?post=15710"}],"curies":[{"name":"wp","href":"https:\/\/api.w.org\/{rel}","templated":true}]}}