{"id":15714,"date":"2025-08-14T12:35:19","date_gmt":"2025-08-14T10:35:19","guid":{"rendered":"https:\/\/tdbeer.ee\/ru\/?post_type=product&#038;p=15714"},"modified":"2025-08-14T13:18:19","modified_gmt":"2025-08-14T11:18:19","slug":"bullet-brew-czech-pilsner","status":"publish","type":"product","link":"https:\/\/tdbeer.ee\/et\/p\/bullet-brew-czech-pilsner\/","title":{"rendered":"Bullet Brew Czech Pilsner"},"content":{"rendered":"<p><span style=\"font-size: 14px;\">Kuldne hele \u00f5lu, koheva vahuga. Puhas, karge biskviitlinnaste iseloom, mis on p\u00f5imitud \u00f5rnade puuviljanootidega. Linnaselisele esmamaitsele j\u00e4rgneb tasakaalus m\u00f5rudus ja l\u00f5petab karge humalane j\u00e4relmaitse.<\/span><br \/>\n<span style=\"font-size: 14px;\">Komplekt on m\u00f5eldud 23L \u00f5lle valmistamiseks.<\/span><\/p>\n<p><span style=\"font-size: 14px;\">ABV: 4,4%<\/span><br \/>\n<span style=\"font-size: 14px;\">m\u00f5rudus: IBU 27-33<\/span><br \/>\n<span style=\"font-size: 14px;\">v\u00e4rv: Hele, kuldne<\/span><br \/>\n<span style=\"font-size: 14px;\">Komplektile on juurde vaja 1 kg pruulimissuhkrut v\u00f5i komplekti parandajat!<\/span><br \/>\n<span style=\"font-size: 14px;\">Koostis: Linnaseekstrakt (oder), kuivp\u00e4rm [p\u00e4rm, emulgaator (E491)], humalaekstrakt.<\/span><br \/>\n<span style=\"font-size: 14px;\">Toitumisalane teave:<\/span><br \/>\n<span style=\"font-size: 14px;\">Kogus 100 g toote kohta<\/span><br \/>\n<span style=\"font-size: 14px;\">energiasisaldus 332 kcal \/ 1396kJ<\/span><br \/>\n<span style=\"font-size: 14px;\">rasvad 0,4 g<\/span><br \/>\n<span style=\"font-size: 14px;\">millest k\u00fcllastunud rasvhapped 0 g<\/span><br \/>\n<span style=\"font-size: 14px;\">s\u00fcsivesikud 73,9 g<\/span><br \/>\n<span style=\"font-size: 14px;\">millest suhkrud 50 g<\/span><br \/>\n<span style=\"font-size: 14px;\">valgud 5,6 g<\/span><br \/>\n<span style=\"font-size: 14px;\">sool 0,05 g<\/span><\/p>\n<p><span style=\"font-size: 14px;\">S\u00e4ilitada kuivas ja jahedas kohas, otsese p\u00e4ikesevalguse eest eemal.<\/span><\/p>","protected":false},"excerpt":{"rendered":"<h3><span style=\"font-size: 16px;\">Bullet Brew Czech Pilsner 1,8kg<\/span><\/h3>\n","protected":false},"featured_media":15715,"template":"","meta":[],"product_cat":[370,371,758],"product_tag":[],"_links":{"self":[{"href":"https:\/\/tdbeer.ee\/et\/wp-json\/wp\/v2\/product\/15714"}],"collection":[{"href":"https:\/\/tdbeer.ee\/et\/wp-json\/wp\/v2\/product"}],"about":[{"href":"https:\/\/tdbeer.ee\/et\/wp-json\/wp\/v2\/types\/product"}],"wp:featuredmedia":[{"embeddable":true,"href":"https:\/\/tdbeer.ee\/et\/wp-json\/wp\/v2\/media\/15715"}],"wp:attachment":[{"href":"https:\/\/tdbeer.ee\/et\/wp-json\/wp\/v2\/media?parent=15714"}],"wp:term":[{"taxonomy":"product_cat","embeddable":true,"href":"https:\/\/tdbeer.ee\/et\/wp-json\/wp\/v2\/product_cat?post=15714"},{"taxonomy":"product_tag","embeddable":true,"href":"https:\/\/tdbeer.ee\/et\/wp-json\/wp\/v2\/product_tag?post=15714"}],"curies":[{"name":"wp","href":"https:\/\/api.w.org\/{rel}","templated":true}]}}