{"id":15716,"date":"2025-08-14T12:51:06","date_gmt":"2025-08-14T10:51:06","guid":{"rendered":"https:\/\/tdbeer.ee\/ru\/?post_type=product&#038;p=15716"},"modified":"2025-08-14T13:14:46","modified_gmt":"2025-08-14T11:14:46","slug":"bullet-brew-baltic-porter","status":"publish","type":"product","link":"https:\/\/tdbeer.ee\/et\/p\/bullet-brew-baltic-porter\/","title":{"rendered":"Bullet Brew Baltic Porter"},"content":{"rendered":"<p><span style=\"font-size: 14px;\">Tumepruun, pruunika heleda vahuga \u00f5lu. Aroom on t\u00e4is rikkalikult tumedat shokolaadi ning kohvi noote. Tugeva kehaga rikka shokolaadi ja r\u00f6stitud linnaste maitse, mida saadab l\u00f5ppmaitses tugev m\u00f5rudus. <\/span><br \/>\n<span style=\"font-size: 14px;\">Komplekt on m\u00f5eldud 18l \u00f5lle valmistamiseks.<\/span><\/p>\n<p><span style=\"font-size: 14px;\">ABV: 5,9%<\/span><br \/>\n<span style=\"font-size: 14px;\">m\u00f5rudus: IBU 29-35<\/span><br \/>\n<span style=\"font-size: 14px;\">v\u00e4rv: tumepruun<\/span><br \/>\n<span style=\"font-size: 14px;\">p\u00e4rm: British Ale<\/span><br \/>\n<span style=\"font-size: 14px;\">Komplektile lisada 0,5 kg pruulimissuhkrut v\u00f5i komplekti parandajat!<\/span><br \/>\n<span style=\"font-size: 14px;\">Koostis: Linnaseekstrakt (oder), kuivp\u00e4rm [p\u00e4rm, emulgaator (E491)], humalaekstrakt.<\/span><\/p>\n<p><span style=\"font-size: 14px;\">Toitumisalane teave:<\/span><br \/>\n<span style=\"font-size: 14px;\">Kogus 100 g toote kohta<\/span><br \/>\n<span style=\"font-size: 14px;\">energiasisaldus 300 kcal \/ 1279 kJ<\/span><br \/>\n<span style=\"font-size: 14px;\">rasvad 0,1 g<\/span><br \/>\n<span style=\"font-size: 14px;\">millest k\u00fcllastunud rasvhapped 0 g<\/span><br \/>\n<span style=\"font-size: 14px;\">s\u00fcsivesikud 70,4 g<\/span><br \/>\n<span style=\"font-size: 14px;\">millest suhkrud 38,6 g<\/span><br \/>\n<span style=\"font-size: 14px;\">valgud 4 g<\/span><br \/>\n<span style=\"font-size: 14px;\">sool 0,6 g<\/span><\/p>\n<p><span style=\"font-size: 14px;\">S\u00e4ilitada kuivas ja jahedas kohas, otsese p\u00e4ikesevalguse eest eemal.<\/span><\/p>","protected":false},"excerpt":{"rendered":"<h3><span style=\"font-size: 16px;\">Bullet Brew Baltic Porter 2,5kg<\/span><\/h3>\n","protected":false},"featured_media":15717,"template":"","meta":[],"product_cat":[370,371,758],"product_tag":[],"_links":{"self":[{"href":"https:\/\/tdbeer.ee\/et\/wp-json\/wp\/v2\/product\/15716"}],"collection":[{"href":"https:\/\/tdbeer.ee\/et\/wp-json\/wp\/v2\/product"}],"about":[{"href":"https:\/\/tdbeer.ee\/et\/wp-json\/wp\/v2\/types\/product"}],"wp:featuredmedia":[{"embeddable":true,"href":"https:\/\/tdbeer.ee\/et\/wp-json\/wp\/v2\/media\/15717"}],"wp:attachment":[{"href":"https:\/\/tdbeer.ee\/et\/wp-json\/wp\/v2\/media?parent=15716"}],"wp:term":[{"taxonomy":"product_cat","embeddable":true,"href":"https:\/\/tdbeer.ee\/et\/wp-json\/wp\/v2\/product_cat?post=15716"},{"taxonomy":"product_tag","embeddable":true,"href":"https:\/\/tdbeer.ee\/et\/wp-json\/wp\/v2\/product_tag?post=15716"}],"curies":[{"name":"wp","href":"https:\/\/api.w.org\/{rel}","templated":true}]}}