{"id":15718,"date":"2025-08-14T13:03:23","date_gmt":"2025-08-14T11:03:23","guid":{"rendered":"https:\/\/tdbeer.ee\/ru\/?post_type=product&#038;p=15718"},"modified":"2025-08-14T13:25:23","modified_gmt":"2025-08-14T11:25:23","slug":"bullet-brew-premium-lager","status":"publish","type":"product","link":"https:\/\/tdbeer.ee\/et\/p\/bullet-brew-premium-lager\/","title":{"rendered":"Bullet Brew Premium Lager"},"content":{"rendered":"<p><span style=\"font-size: 14px;\">Kullakarva hele \u00f5lu, \u00f5hukese valge vahukihiga. Aroom on puhas ja karge, kergete linnase nootide ja puuvilja varjundiga. Maitse on kerge ja v\u00e4rskendav, \u00f5rna m\u00f5rudusega ja kuivemapoolse l\u00f5puga. Ideaalne kaaslane sauna! Komplektist saab valmistada 23L \u00f5lut.<\/span><\/p>\n<p><span style=\"font-size: 14px;\">ABV : 4,4%<\/span><br \/>\n<span style=\"font-size: 14px;\">m\u00f5rudus: IBU 18-24<\/span><br \/>\n<span style=\"font-size: 14px;\">v\u00e4rv: kuldne<\/span><br \/>\n<span style=\"font-size: 14px;\">p\u00e4rm: Ale p\u00e4rm<\/span><\/p>\n<p><span style=\"font-size: 14px;\">K\u00e4\u00e4ritamiseks lisada 1 kg pruulimissuhkrut v\u00f5i heledat linnaseekstrakti<\/span><br \/>\n<span style=\"font-size: 14px;\">Koostis: Linnaseekstrakt (oder), kuivp\u00e4rm [p\u00e4rm, emulgaator (E491)], humalaekstrakt.<\/span><br \/>\n<span style=\"font-size: 14px;\">Toitumisalane teave:<\/span><br \/>\n<span style=\"font-size: 14px;\">Kogus 100 g toote kohta<\/span><br \/>\n<span style=\"font-size: 14px;\">energiasisaldus 332 kcal \/ 1397 kJ<\/span><br \/>\n<span style=\"font-size: 14px;\">rasvad 0,4 g<\/span><br \/>\n<span style=\"font-size: 14px;\">millest k\u00fcllastunud rasvhapped 0 g<\/span><br \/>\n<span style=\"font-size: 14px;\">s\u00fcsivesikud 74 g<\/span><br \/>\n<span style=\"font-size: 14px;\">millest suhkrud 50 g<\/span><br \/>\n<span style=\"font-size: 14px;\">valgud 5,6 g<\/span><br \/>\n<span style=\"font-size: 14px;\">sool 0,05 g<\/span><\/p>\n<p><span style=\"font-size: 14px;\">S\u00e4ilitada kuivas ja jahedas kohas, otsese p\u00e4ikesevalguse k\u00e4est eemal.<\/span><\/p>","protected":false},"excerpt":{"rendered":"<h3><span style=\"font-size: 16px;\">Bullet Brew Premium Lager 1,8kg<\/span><\/h3>\n","protected":false},"featured_media":15719,"template":"","meta":[],"product_cat":[370,371,758],"product_tag":[],"_links":{"self":[{"href":"https:\/\/tdbeer.ee\/et\/wp-json\/wp\/v2\/product\/15718"}],"collection":[{"href":"https:\/\/tdbeer.ee\/et\/wp-json\/wp\/v2\/product"}],"about":[{"href":"https:\/\/tdbeer.ee\/et\/wp-json\/wp\/v2\/types\/product"}],"wp:featuredmedia":[{"embeddable":true,"href":"https:\/\/tdbeer.ee\/et\/wp-json\/wp\/v2\/media\/15719"}],"wp:attachment":[{"href":"https:\/\/tdbeer.ee\/et\/wp-json\/wp\/v2\/media?parent=15718"}],"wp:term":[{"taxonomy":"product_cat","embeddable":true,"href":"https:\/\/tdbeer.ee\/et\/wp-json\/wp\/v2\/product_cat?post=15718"},{"taxonomy":"product_tag","embeddable":true,"href":"https:\/\/tdbeer.ee\/et\/wp-json\/wp\/v2\/product_tag?post=15718"}],"curies":[{"name":"wp","href":"https:\/\/api.w.org\/{rel}","templated":true}]}}