{"id":15720,"date":"2025-08-14T13:12:17","date_gmt":"2025-08-14T11:12:17","guid":{"rendered":"https:\/\/tdbeer.ee\/ru\/?post_type=product&#038;p=15720"},"modified":"2025-08-14T13:25:52","modified_gmt":"2025-08-14T11:25:52","slug":"bullet-brew-irish-red-ale","status":"publish","type":"product","link":"https:\/\/tdbeer.ee\/et\/p\/bullet-brew-irish-red-ale\/","title":{"rendered":"Bullet Brew Irish Red Ale"},"content":{"rendered":"<p><span style=\"font-size: 14px;\">Koheva vahuga s\u00fcgavvaskne \u00f5lu. Aroom on peen, meeldiva humala lisandiga, magusate karamellisuse ja rikkaliku puuviljasusega. Maitses magus linnaselisus, rikkalik karamelli ja tumedate marjade n\u00fcanss. Keskmise kehaga, kerge m\u00f5rudus. Komplektist saab valmistada 23L \u00f5lut.<\/span><\/p>\n<p><span style=\"font-size: 14px;\">ABV : 4,3%<\/span><br \/>\n<span style=\"font-size: 14px;\">m\u00f5rudus: IBU 19-23<\/span><br \/>\n<span style=\"font-size: 14px;\">v\u00e4rv: vaskne<\/span><br \/>\n<span style=\"font-size: 14px;\">p\u00e4rm: British Dark Ale<\/span><\/p>\n<p><span style=\"font-size: 14px;\">K\u00e4\u00e4ritamiseks lisada 1 kg pruulimissuhkrut v\u00f5i punast linnaseekstrakti<\/span><br \/>\n<span style=\"font-size: 14px;\">Koostis: Linnaseekstrakt (oder), kuivp\u00e4rm [p\u00e4rm, emulgaator (E491)], humalaekstrakt.<\/span><\/p>\n<p><span style=\"font-size: 14px;\">Toitumisalane teave:<\/span><br \/>\n<span style=\"font-size: 14px;\">Kogus 100 g toote kohta<\/span><br \/>\n<span style=\"font-size: 14px;\">energiasisaldus 314 kcal \/ 1337 kJ<\/span><br \/>\n<span style=\"font-size: 14px;\">rasvad 0 g<\/span><br \/>\n<span style=\"font-size: 14px;\">millest k\u00fcllastunud rasvhapped 0 g<\/span><br \/>\n<span style=\"font-size: 14px;\">s\u00fcsivesikud 74 g<\/span><br \/>\n<span style=\"font-size: 14px;\">millest suhkrud 38 g<\/span><br \/>\n<span style=\"font-size: 14px;\">valgud 4,0 g<\/span><br \/>\n<span style=\"font-size: 14px;\">sool 0,09 g<\/span><\/p>\n<p><span style=\"font-size: 14px;\">S\u00e4ilitada kuivas ja jahedas kohas, otsese p\u00e4ikesevalguse k\u00e4est eemal.<\/span><\/p>","protected":false},"excerpt":{"rendered":"<h3><span style=\"font-size: 16px;\">Bullet Brew Irish Red Ale 2,2kg<\/span><\/h3>\n","protected":false},"featured_media":15721,"template":"","meta":[],"product_cat":[370,371,758],"product_tag":[],"_links":{"self":[{"href":"https:\/\/tdbeer.ee\/et\/wp-json\/wp\/v2\/product\/15720"}],"collection":[{"href":"https:\/\/tdbeer.ee\/et\/wp-json\/wp\/v2\/product"}],"about":[{"href":"https:\/\/tdbeer.ee\/et\/wp-json\/wp\/v2\/types\/product"}],"wp:featuredmedia":[{"embeddable":true,"href":"https:\/\/tdbeer.ee\/et\/wp-json\/wp\/v2\/media\/15721"}],"wp:attachment":[{"href":"https:\/\/tdbeer.ee\/et\/wp-json\/wp\/v2\/media?parent=15720"}],"wp:term":[{"taxonomy":"product_cat","embeddable":true,"href":"https:\/\/tdbeer.ee\/et\/wp-json\/wp\/v2\/product_cat?post=15720"},{"taxonomy":"product_tag","embeddable":true,"href":"https:\/\/tdbeer.ee\/et\/wp-json\/wp\/v2\/product_tag?post=15720"}],"curies":[{"name":"wp","href":"https:\/\/api.w.org\/{rel}","templated":true}]}}