{"id":15723,"date":"2025-08-14T13:24:51","date_gmt":"2025-08-14T11:24:51","guid":{"rendered":"https:\/\/tdbeer.ee\/ru\/?post_type=product&#038;p=15723"},"modified":"2025-08-14T13:24:51","modified_gmt":"2025-08-14T11:24:51","slug":"bullet-brew-mexican-cerveza","status":"publish","type":"product","link":"https:\/\/tdbeer.ee\/et\/p\/bullet-brew-mexican-cerveza\/","title":{"rendered":"Bullet Brew Mexican Cerveza"},"content":{"rendered":"<p><span style=\"font-size: 14px;\">Mexican Cerveza \u00f5lu meenutab parimaid Mehhiko \u00f5llesid, mida eksporditakse edukalt \u00fcle terve maailma.<\/span><br \/>\n<span style=\"font-size: 14px;\">V\u00e4rskendav m\u00f5rkja alatooniga kerge hele \u00f5lu. Juuakse v\u00e4ga jahedalt ja laimiviiluga. Komplekt on m\u00f5eldud 23L \u00f5lle valmistamiseks.<\/span><\/p>\n<p><span style=\"font-size: 14px;\">ABV: 4,5%<\/span><br \/>\n<span style=\"font-size: 14px;\">m\u00f5rudus: IBU 8-12<\/span><br \/>\n<span style=\"font-size: 14px;\">v\u00e4rv: Helekollane<\/span><br \/>\n<span style=\"font-size: 14px;\">p\u00e4rm: California Lager Yeast<\/span><\/p>\n<p><span style=\"font-size: 14px;\">K\u00e4\u00e4ritamiseks lisada 1 kg pruulimissuhkrut v\u00f5i heledat linnaseekstrakti<\/span><br \/>\n<span style=\"font-size: 14px;\">Koostis: Linnaseekstrakt (oder), inverteeritud suhkrusiirup, kuivp\u00e4rm [p\u00e4rm, emulgaator (E491)], humalaekstrakt.<\/span><\/p>\n<p><span style=\"font-size: 14px;\">Toitumisalane teave:<\/span><br \/>\n<span style=\"font-size: 14px;\">Kogus 100 g toote kohta<\/span><br \/>\n<span style=\"font-size: 14px;\">energiasisaldus 329 kcal \/ 1387 kJ<\/span><br \/>\n<span style=\"font-size: 14px;\">rasvad 0,3 g<\/span><br \/>\n<span style=\"font-size: 14px;\">millest k\u00fcllastunud rasvhapped 0 g<\/span><br \/>\n<span style=\"font-size: 14px;\">s\u00fcsivesikud 75 g<\/span><br \/>\n<span style=\"font-size: 14px;\">millest suhkrud 55 g<\/span><br \/>\n<span style=\"font-size: 14px;\">valgud 4,7 g<\/span><br \/>\n<span style=\"font-size: 14px;\">sool 0,08 g<\/span><\/p>\n<p><span style=\"font-size: 14px;\">S\u00e4ilitada kuivas ja jahedas kohas, otsese p\u00e4ikesevalguse eest eemal.<\/span><\/p>","protected":false},"excerpt":{"rendered":"<h3><span style=\"font-size: 16px;\">Bullet Brew Mexican Cerveza 1,8kg<\/span><\/h3>\n","protected":false},"featured_media":15724,"template":"","meta":[],"product_cat":[370,371,758],"product_tag":[],"_links":{"self":[{"href":"https:\/\/tdbeer.ee\/et\/wp-json\/wp\/v2\/product\/15723"}],"collection":[{"href":"https:\/\/tdbeer.ee\/et\/wp-json\/wp\/v2\/product"}],"about":[{"href":"https:\/\/tdbeer.ee\/et\/wp-json\/wp\/v2\/types\/product"}],"wp:featuredmedia":[{"embeddable":true,"href":"https:\/\/tdbeer.ee\/et\/wp-json\/wp\/v2\/media\/15724"}],"wp:attachment":[{"href":"https:\/\/tdbeer.ee\/et\/wp-json\/wp\/v2\/media?parent=15723"}],"wp:term":[{"taxonomy":"product_cat","embeddable":true,"href":"https:\/\/tdbeer.ee\/et\/wp-json\/wp\/v2\/product_cat?post=15723"},{"taxonomy":"product_tag","embeddable":true,"href":"https:\/\/tdbeer.ee\/et\/wp-json\/wp\/v2\/product_tag?post=15723"}],"curies":[{"name":"wp","href":"https:\/\/api.w.org\/{rel}","templated":true}]}}