{"id":15753,"date":"2025-08-21T13:09:48","date_gmt":"2025-08-21T11:09:48","guid":{"rendered":"https:\/\/tdbeer.ee\/ru\/?post_type=product&#038;p=15753"},"modified":"2025-08-21T13:09:48","modified_gmt":"2025-08-21T11:09:48","slug":"spirit-ferm-french-cider","status":"publish","type":"product","link":"https:\/\/tdbeer.ee\/et\/p\/spirit-ferm-french-cider\/","title":{"rendered":"Spirit Ferm French Cider"},"content":{"rendered":"<p>Spirit Ferm aktiivp\u00e4rm, mis p\u00f5hineb Prantsuse veinip\u00e4rmi t\u00fcvel, aromaatsete siidrite ja vahuveinide valmistamiseks ja k\u00e4\u00e4ritamiseks. Sellel p\u00e4rmil on madal vahustumine, madal happetootlikkus ning k\u00f5rge aromaatsete \u00fchendite ja estrite toodang. Pakend sisaldab 8 grammi p\u00e4rmi 20-30 liitri aromaatse koduse joogi jaoks. Nende abil saate valmistada:<br \/>\n&#8211; \u00f5una- v\u00f5i pirnisiidrit;<br \/>\n&#8211; \u00f5una- ja pirniveini;<br \/>\n&#8211; vahuveini viinamarjaveine;<br \/>\n&#8211; valgeid puuviljaveine.<\/p>","protected":false},"excerpt":{"rendered":"<h3><span style=\"font-size: 16px;\">Spirit Ferm French Cider siidrip\u00e4rm<\/span><\/h3>\n","protected":false},"featured_media":15754,"template":"","meta":[],"product_cat":[405,533],"product_tag":[],"_links":{"self":[{"href":"https:\/\/tdbeer.ee\/et\/wp-json\/wp\/v2\/product\/15753"}],"collection":[{"href":"https:\/\/tdbeer.ee\/et\/wp-json\/wp\/v2\/product"}],"about":[{"href":"https:\/\/tdbeer.ee\/et\/wp-json\/wp\/v2\/types\/product"}],"wp:featuredmedia":[{"embeddable":true,"href":"https:\/\/tdbeer.ee\/et\/wp-json\/wp\/v2\/media\/15754"}],"wp:attachment":[{"href":"https:\/\/tdbeer.ee\/et\/wp-json\/wp\/v2\/media?parent=15753"}],"wp:term":[{"taxonomy":"product_cat","embeddable":true,"href":"https:\/\/tdbeer.ee\/et\/wp-json\/wp\/v2\/product_cat?post=15753"},{"taxonomy":"product_tag","embeddable":true,"href":"https:\/\/tdbeer.ee\/et\/wp-json\/wp\/v2\/product_tag?post=15753"}],"curies":[{"name":"wp","href":"https:\/\/api.w.org\/{rel}","templated":true}]}}