{"id":15760,"date":"2025-08-21T14:00:30","date_gmt":"2025-08-21T12:00:30","guid":{"rendered":"https:\/\/tdbeer.ee\/ru\/?post_type=product&#038;p=15760"},"modified":"2025-08-21T14:00:31","modified_gmt":"2025-08-21T12:00:31","slug":"aromaxl-mega-pack","status":"publish","type":"product","link":"https:\/\/tdbeer.ee\/et\/p\/aromaxl-mega-pack\/","title":{"rendered":"AromaXL Mega Pack"},"content":{"rendered":"<p><span style=\"font-size: 14px;\">Pakend sisaldab 360 grammi p\u00e4rmi, mis on m\u00f5eldud 100 liitri meski jaoks.<\/span><br \/>\n<span style=\"font-size: 14px;\">K\u00e4\u00e4ritamine kestab 4-6 p\u00e4eva. Optimaalne k\u00e4\u00e4rimistemperatuur: +21\u00b0C &#8211; +29\u00b0C. <\/span><span style=\"font-size: 14px;\">Alkoholitaluvus: 16 kuni 18%.<\/span><br \/>\n<span style=\"font-size: 14px;\">100 liitri meski valmistamine:<\/span><br \/>\n<span style=\"font-size: 14px;\">1. Lahustage 25 kg suhkrut v\u00f5i 28 kg dekstroosi 40 liitris kuumas vees (suhkur ja vesi: 1:1,6. dekstroos ja vesi: 1:1,43).<\/span><br \/>\n<span style=\"font-size: 14px;\">2. Segage hoolikalt.<\/span><br \/>\n<span style=\"font-size: 14px;\">3. Lisage 100 liitrile veele vett.<\/span><br \/>\n<span style=\"font-size: 14px;\">4. Laske temperatuuril 25\u00b0C t\u00f5usta.<\/span><br \/>\n<span style=\"font-size: 14px;\">5. Lisage koti sisu ja segage uuesti.<\/span><\/p>","protected":false},"excerpt":{"rendered":"<h3><span style=\"font-size: 16px;\">Turbo P\u00e4rm AromaXL Mega Pack (100L \/ 16-18%)<\/span><\/h3>\n","protected":false},"featured_media":15761,"template":"","meta":[],"product_cat":[405,533],"product_tag":[],"_links":{"self":[{"href":"https:\/\/tdbeer.ee\/et\/wp-json\/wp\/v2\/product\/15760"}],"collection":[{"href":"https:\/\/tdbeer.ee\/et\/wp-json\/wp\/v2\/product"}],"about":[{"href":"https:\/\/tdbeer.ee\/et\/wp-json\/wp\/v2\/types\/product"}],"wp:featuredmedia":[{"embeddable":true,"href":"https:\/\/tdbeer.ee\/et\/wp-json\/wp\/v2\/media\/15761"}],"wp:attachment":[{"href":"https:\/\/tdbeer.ee\/et\/wp-json\/wp\/v2\/media?parent=15760"}],"wp:term":[{"taxonomy":"product_cat","embeddable":true,"href":"https:\/\/tdbeer.ee\/et\/wp-json\/wp\/v2\/product_cat?post=15760"},{"taxonomy":"product_tag","embeddable":true,"href":"https:\/\/tdbeer.ee\/et\/wp-json\/wp\/v2\/product_tag?post=15760"}],"curies":[{"name":"wp","href":"https:\/\/api.w.org\/{rel}","templated":true}]}}