{"id":15762,"date":"2025-08-21T14:28:34","date_gmt":"2025-08-21T12:28:34","guid":{"rendered":"https:\/\/tdbeer.ee\/ru\/?post_type=product&#038;p=15762"},"modified":"2025-08-21T14:28:34","modified_gmt":"2025-08-21T12:28:34","slug":"spirit-ferm-topferm-pro","status":"publish","type":"product","link":"https:\/\/tdbeer.ee\/et\/p\/spirit-ferm-topferm-pro\/","title":{"rendered":"Spirit Ferm TOPferm PRO"},"content":{"rendered":"<p><span style=\"font-size: 14px;\">SpiritFerm TOPferm Pro turbo destilleerimisp\u00e4rm on revolutsiooniline p\u00e4rmivalem, mis on loodud spetsiaalselt suhkrusegude k\u00e4\u00e4ritamiseks. See uuenduslik toode v\u00f5imaldab saavutada 26-liitrises segus erakordselt k\u00f5rge alkoholisisalduse \u2013 kuni 21,5%!<\/span><\/p>\n<p><span style=\"font-size: 14px;\">Netokaal: 135 g<\/span><\/p>\n<p><span style=\"font-size: 14px;\">Valmistamisjuhised:<\/span><br \/>\n<span style=\"font-size: 14px;\">1. Lahustage soovitud kogus suhkrut (6\u20139 kg) soojas vees.<\/span><br \/>\n<span style=\"font-size: 14px;\">2. T\u00e4itke kuni 26 liitrini.<\/span><br \/>\n<span style=\"font-size: 14px;\">3. Lisage 1 kott p\u00e4rmi.<\/span><br \/>\n<span style=\"font-size: 14px;\">Optimaalne k\u00e4\u00e4rimistemperatuur: 20\u201328 \u00b0C<\/span><\/p>","protected":false},"excerpt":{"rendered":"<h3><span style=\"font-size: 16px;\">Turbo P\u00e4rm &#8220;SpiritFerm TOPferm Pro 6-9KG \/ 21,5%&#8221;<\/span><\/h3>\n","protected":false},"featured_media":15763,"template":"","meta":[],"product_cat":[405,533],"product_tag":[],"_links":{"self":[{"href":"https:\/\/tdbeer.ee\/et\/wp-json\/wp\/v2\/product\/15762"}],"collection":[{"href":"https:\/\/tdbeer.ee\/et\/wp-json\/wp\/v2\/product"}],"about":[{"href":"https:\/\/tdbeer.ee\/et\/wp-json\/wp\/v2\/types\/product"}],"wp:featuredmedia":[{"embeddable":true,"href":"https:\/\/tdbeer.ee\/et\/wp-json\/wp\/v2\/media\/15763"}],"wp:attachment":[{"href":"https:\/\/tdbeer.ee\/et\/wp-json\/wp\/v2\/media?parent=15762"}],"wp:term":[{"taxonomy":"product_cat","embeddable":true,"href":"https:\/\/tdbeer.ee\/et\/wp-json\/wp\/v2\/product_cat?post=15762"},{"taxonomy":"product_tag","embeddable":true,"href":"https:\/\/tdbeer.ee\/et\/wp-json\/wp\/v2\/product_tag?post=15762"}],"curies":[{"name":"wp","href":"https:\/\/api.w.org\/{rel}","templated":true}]}}