{"id":15773,"date":"2025-08-22T14:21:05","date_gmt":"2025-08-22T12:21:05","guid":{"rendered":"https:\/\/tdbeer.ee\/ru\/?post_type=product&#038;p=15773"},"modified":"2025-08-22T14:21:05","modified_gmt":"2025-08-22T12:21:05","slug":"spirit-ferm-turbo-fruit","status":"publish","type":"product","link":"https:\/\/tdbeer.ee\/et\/p\/spirit-ferm-turbo-fruit\/","title":{"rendered":"Spirit Ferm Turbo Fruit"},"content":{"rendered":"<p><span style=\"font-size: 14px;\">\u00c4\u00e4rmiselt efektiivne turbop\u00e4rm. M\u00f5eldud enoloogiliseks kasutamiseks ja kohe kasutusvalmis. Spetsiaalselt valitud ja k\u00f5rge alkoholisisaldusega (kuni 18%) p\u00e4rm puuviljasegude k\u00e4\u00e4ritamiseks, mille eesm\u00e4rk on r\u00f5hutada k\u00e4\u00e4ritamisel kasutatavate puuviljade maitset. Komplekt sisaldab ens\u00fc\u00fcmide annust puuviljade k\u00e4\u00e4ritamise h\u00f5lbustamiseks. Pakend on m\u00f5eldud 25 liitri puuviljasegu jaoks. Optimaalne k\u00e4\u00e4rimistemperatuur on 20\u201327 \u00b0C, 25 \u00b0C juures k\u00e4\u00e4rimisaeg: 4\u20136 p\u00e4eva. Pange t\u00e4hele, et segu temperatuur ei tohiks \u00fcletada 35 \u00b0C!<\/span><\/p>\n<p><span style=\"font-size: 14px;\">Kasutusjuhend: lisage p\u00e4rm otse segule temperatuuril umbes 30 \u00b0C ja segage hoolikalt.<\/span><br \/>\n<span style=\"font-size: 14px;\">Netokaal: 40 g.<\/span><\/p>","protected":false},"excerpt":{"rendered":"<h3><span style=\"font-size: 16px;\">Turbo P\u00e4rm &#8220;Spirit Ferm Turbo Fruit&#8221;<\/span><\/h3>\n","protected":false},"featured_media":15774,"template":"","meta":[],"product_cat":[405,533],"product_tag":[],"_links":{"self":[{"href":"https:\/\/tdbeer.ee\/et\/wp-json\/wp\/v2\/product\/15773"}],"collection":[{"href":"https:\/\/tdbeer.ee\/et\/wp-json\/wp\/v2\/product"}],"about":[{"href":"https:\/\/tdbeer.ee\/et\/wp-json\/wp\/v2\/types\/product"}],"wp:featuredmedia":[{"embeddable":true,"href":"https:\/\/tdbeer.ee\/et\/wp-json\/wp\/v2\/media\/15774"}],"wp:attachment":[{"href":"https:\/\/tdbeer.ee\/et\/wp-json\/wp\/v2\/media?parent=15773"}],"wp:term":[{"taxonomy":"product_cat","embeddable":true,"href":"https:\/\/tdbeer.ee\/et\/wp-json\/wp\/v2\/product_cat?post=15773"},{"taxonomy":"product_tag","embeddable":true,"href":"https:\/\/tdbeer.ee\/et\/wp-json\/wp\/v2\/product_tag?post=15773"}],"curies":[{"name":"wp","href":"https:\/\/api.w.org\/{rel}","templated":true}]}}