{"id":15780,"date":"2025-08-23T11:05:03","date_gmt":"2025-08-23T09:05:03","guid":{"rendered":"https:\/\/tdbeer.ee\/ru\/?post_type=product&#038;p=15780"},"modified":"2025-08-23T11:05:03","modified_gmt":"2025-08-23T09:05:03","slug":"borbon-250ml","status":"publish","type":"product","link":"https:\/\/tdbeer.ee\/et\/p\/borbon-250ml\/","title":{"rendered":"Borbon 250ml"},"content":{"rendered":"<p><span style=\"font-size: 14px;\">Aroomile on iseloomulik magusa maisi maitse karamelli ja vanilje nootidega. Samuti on tunda kerget suitsust j\u00e4relmaitset ja r\u00f6stitud p\u00e4hklite vihjeid. L\u00f5puks p\u00fcsib suulaes kaua meeldiv soe tamme ja magusate v\u00fcrtside j\u00e4relmaitse.<\/span><\/p>\n<p><span style=\"font-size: 14px;\">250 ml \u2013 piisavalt essentsi umbes 7,5 liitri alkoholi jaoks<\/span><br \/>\n<span style=\"font-size: 14px;\">25 ml \u2013 750 ml pudeli jaoks<\/span><\/p>\n<p><span style=\"font-size: 14px;\">Juhend: Valage 25 ml essentsi 750 ml pudelisse ja lisage peale 40% viina (v\u00f5i soovi korral kangem). Loksutage, laske 24 tundi seista ja ongi valmis. Pikem &#8220;leevendamine&#8221; v\u00f5imendab maitset.<\/span><\/p>","protected":false},"excerpt":{"rendered":"<h3><span style=\"font-size: 16px;\">Essents &#8220;Straands Essens Borbon 250ml&#8221;<\/span><\/h3>\n","protected":false},"featured_media":15781,"template":"","meta":[],"product_cat":[405,475],"product_tag":[],"_links":{"self":[{"href":"https:\/\/tdbeer.ee\/et\/wp-json\/wp\/v2\/product\/15780"}],"collection":[{"href":"https:\/\/tdbeer.ee\/et\/wp-json\/wp\/v2\/product"}],"about":[{"href":"https:\/\/tdbeer.ee\/et\/wp-json\/wp\/v2\/types\/product"}],"wp:featuredmedia":[{"embeddable":true,"href":"https:\/\/tdbeer.ee\/et\/wp-json\/wp\/v2\/media\/15781"}],"wp:attachment":[{"href":"https:\/\/tdbeer.ee\/et\/wp-json\/wp\/v2\/media?parent=15780"}],"wp:term":[{"taxonomy":"product_cat","embeddable":true,"href":"https:\/\/tdbeer.ee\/et\/wp-json\/wp\/v2\/product_cat?post=15780"},{"taxonomy":"product_tag","embeddable":true,"href":"https:\/\/tdbeer.ee\/et\/wp-json\/wp\/v2\/product_tag?post=15780"}],"curies":[{"name":"wp","href":"https:\/\/api.w.org\/{rel}","templated":true}]}}