{"id":15808,"date":"2025-08-27T11:35:27","date_gmt":"2025-08-27T09:35:27","guid":{"rendered":"https:\/\/tdbeer.ee\/ru\/?post_type=product&#038;p=15808"},"modified":"2025-08-27T11:36:33","modified_gmt":"2025-08-27T09:36:33","slug":"vaikesed-prantsuse-tammekuubikud-1x1x1-100gr","status":"publish","type":"product","link":"https:\/\/tdbeer.ee\/et\/p\/vaikesed-prantsuse-tammekuubikud-1x1x1-100gr\/","title":{"rendered":"V\u00e4ikesed prantsuse tammekuubikud 1x1x1 100gr"},"content":{"rendered":"<p><span style=\"font-size: 14px;\">Need sobivad ideaalselt enamiku pudelite kaela. Erinevalt helvestest toodetakse tammekuubikuid spetsiaalselt kangete alkohoolsete jookide laagerdamiseks. Oma suuruse t\u00f5ttu toimub tamme soovitud komponentide (tanniinid, tanniinid, aroomid jne) v\u00e4ljaleostumine v\u00e4ga aeglaselt. See aeglane protsess m\u00f5jutab positiivselt veini aroomibuketi arengut.<\/span><\/p>\n<p><span style=\"font-size: 14px;\">Lisame kuubikuid laagerdumisprotsessi ajal kiirusega 0,5\u20133 g\/l, p\u00e4rast esimesi 2\u20133 dekanteerimist, v\u00e4hemalt 2 kuu jooksul.<\/span><\/p>\n<p><span style=\"font-size: 14px;\">Tammekuubikud imporditakse otse \u00fchelt Prantsusmaa suurimalt tammehelveste tootjalt.<\/span><\/p>","protected":false},"excerpt":{"rendered":"<h3><span style=\"font-size: 16px;\">V\u00e4ikesed prantsuse tammekuubikud 1x1x1 100gr; s\u00fcgavr\u00f6stitud<\/span><\/h3>\n","protected":false},"featured_media":15809,"template":"","meta":[],"product_cat":[405,477,439],"product_tag":[],"_links":{"self":[{"href":"https:\/\/tdbeer.ee\/et\/wp-json\/wp\/v2\/product\/15808"}],"collection":[{"href":"https:\/\/tdbeer.ee\/et\/wp-json\/wp\/v2\/product"}],"about":[{"href":"https:\/\/tdbeer.ee\/et\/wp-json\/wp\/v2\/types\/product"}],"wp:featuredmedia":[{"embeddable":true,"href":"https:\/\/tdbeer.ee\/et\/wp-json\/wp\/v2\/media\/15809"}],"wp:attachment":[{"href":"https:\/\/tdbeer.ee\/et\/wp-json\/wp\/v2\/media?parent=15808"}],"wp:term":[{"taxonomy":"product_cat","embeddable":true,"href":"https:\/\/tdbeer.ee\/et\/wp-json\/wp\/v2\/product_cat?post=15808"},{"taxonomy":"product_tag","embeddable":true,"href":"https:\/\/tdbeer.ee\/et\/wp-json\/wp\/v2\/product_tag?post=15808"}],"curies":[{"name":"wp","href":"https:\/\/api.w.org\/{rel}","templated":true}]}}