{"id":15813,"date":"2025-08-27T11:53:31","date_gmt":"2025-08-27T09:53:31","guid":{"rendered":"https:\/\/tdbeer.ee\/ru\/?post_type=product&#038;p=15813"},"modified":"2025-08-27T11:53:31","modified_gmt":"2025-08-27T09:53:31","slug":"prantsuse-tamme-vaikesed-kuubikud-1x1x1-1-kg-kergelt-rostitud","status":"publish","type":"product","link":"https:\/\/tdbeer.ee\/et\/p\/prantsuse-tamme-vaikesed-kuubikud-1x1x1-1-kg-kergelt-rostitud\/","title":{"rendered":"Prantsuse tamme v\u00e4ikesed kuubikud 1x1x1 1 kg; kergelt r\u00f6stitud"},"content":{"rendered":"<p><\/p>\n<div id=\"tab-description\" class=\"entry-content woocommerce-Tabs-panel woocommerce-Tabs-panel--description wd-active wd-scroll wd-accordion-content\" role=\"tabpanel\" aria-labelledby=\"tab-title-description\" data-accordion-index=\"description\">\n<div class=\"wc-tab-inner wd-scroll-content\">\n<p><span style=\"font-size: 14px;\">Need sobivad ideaalselt enamiku pudelite kaela. Erinevalt helvestest toodetakse tammekuubikuid spetsiaalselt kangete alkohoolsete jookide laagerdamiseks. Oma suuruse t\u00f5ttu toimub tammes sisalduvate kasulike komponentide (tanniinid, aroomid jne) leostumise protsess v\u00e4ga aeglaselt. See aeglane protsess m\u00f5jutab positiivselt veini aroomibuketi arengut.<\/span><\/p>\n<p><span style=\"font-size: 14px;\">Lisame kuubikuid laagerdumise ajal 0,5\u20133 g\/l kogustes, p\u00e4rast esimesi 2\u20133 dekanteerimist, v\u00e4hemalt 2 kuu jooksul.<\/span><\/p>\n<p><span style=\"font-size: 14px;\">Tammekuubikud imporditakse otse \u00fchelt Prantsusmaa suurimalt tammehelveste tootjalt.<\/span><\/p>\n<\/div>\n<\/div>\n<p><\/p>","protected":false},"excerpt":{"rendered":"<h3><span style=\"font-size: 16px;\">Prantsuse tamme v\u00e4ikesed kuubikud 1x1x1 1 kg; kergelt r\u00f6stitud<\/span><\/h3>\n","protected":false},"featured_media":15814,"template":"","meta":[],"product_cat":[405,477,439],"product_tag":[],"_links":{"self":[{"href":"https:\/\/tdbeer.ee\/et\/wp-json\/wp\/v2\/product\/15813"}],"collection":[{"href":"https:\/\/tdbeer.ee\/et\/wp-json\/wp\/v2\/product"}],"about":[{"href":"https:\/\/tdbeer.ee\/et\/wp-json\/wp\/v2\/types\/product"}],"wp:featuredmedia":[{"embeddable":true,"href":"https:\/\/tdbeer.ee\/et\/wp-json\/wp\/v2\/media\/15814"}],"wp:attachment":[{"href":"https:\/\/tdbeer.ee\/et\/wp-json\/wp\/v2\/media?parent=15813"}],"wp:term":[{"taxonomy":"product_cat","embeddable":true,"href":"https:\/\/tdbeer.ee\/et\/wp-json\/wp\/v2\/product_cat?post=15813"},{"taxonomy":"product_tag","embeddable":true,"href":"https:\/\/tdbeer.ee\/et\/wp-json\/wp\/v2\/product_tag?post=15813"}],"curies":[{"name":"wp","href":"https:\/\/api.w.org\/{rel}","templated":true}]}}