{"id":15824,"date":"2025-08-28T13:48:33","date_gmt":"2025-08-28T11:48:33","guid":{"rendered":"https:\/\/tdbeer.ee\/ru\/?post_type=product&#038;p=15824"},"modified":"2025-08-28T13:48:33","modified_gmt":"2025-08-28T11:48:33","slug":"veesargiga-singivalmistaja-kompekt-15kg","status":"publish","type":"product","link":"https:\/\/tdbeer.ee\/et\/p\/veesargiga-singivalmistaja-kompekt-15kg\/","title":{"rendered":"Vees\u00e4rgiga singivalmistaja kompekt (1,5kg)"},"content":{"rendered":"<p><span style=\"font-size: 14px;\">Moodne ja tervislik toiduvalmistamine \u2013 Teie otsustate, milliseid looduslikke koostisosi soovite kasutada oma maitsvate suitsutatud v\u00f5i suitsutamata lihade valmistamiseks. Singimasin sobib ideaalselt ka taimetoitude valmistamiseks.<\/span><\/p>\n<p><span style=\"font-size: 14px;\">Uuenduslik disain \u2013 Spetsiaalne disain v\u00f5imaldab singimasinal toetuda kraele ja mitte puutuda poti p\u00f5hja, v\u00f5imaldades veel singimasinat \u00fcmbritseda, luues veejope, tagades mahlased ja \u00fchtlaselt k\u00fcpsenud road.<\/span><\/p>\n<p><span style=\"font-size: 14px;\">T\u00f5estatud ja ohutu \u2013 Singimasin on olnud meie enimm\u00fc\u00fcdud toode aastaid. See on valmistatud kvaliteetsest toiduk\u00f5lblikust roostevabast terasest. Toode on registreeritud Euroopa Patendiametis.<\/span><\/p>\n<p><span style=\"font-size: 14px;\">Terviklahendus \u2013 Komplekt on loodud tagama \u00fchtlasema k\u00fcpsetusprotsessi kogu mahus, kuna singimasin ei puutu poti p\u00f5hja. Ideaalselt paigaldatud krae hoiab \u00e4ra vee aurustumise, nii et te ei pea veetaset kontrollima, vett juurde lisama ega muretsema enda k\u00f5rvetamise p\u00e4rast. Kaks kaasasolevat termomeetrit v\u00f5imaldavad teil kogu protsessi j\u00e4lgida. Komplekt sisaldab 4-liitrist potti, kraed, 1,5 kg singimasinat, sisekotte, kahte termomeetrit, mitmekeelset kasutusjuhendit ja t\u00f5estatud retsepte.<\/span><\/p>\n<p><span style=\"font-size: 14px;\">Mitmek\u00fclgne \u2013 singivalmistajas saab korraga valmistada maksimaalselt 1,5 kg toitu, n\u00e4iteks klassikalisi sinke, rulle, l\u00f5unas\u00f6\u00f6gilihasid ja veganpasteete. Seadet saab kasutada elektri-, induktsioon- ja gaasipliidil. Seade on n\u00f5udepesumasinas pestav.<\/span><\/p>\n<p><span style=\"font-size: 14px;\">Tootja esitleb vees\u00e4rgiga aurutuspotiga singivalmistajat \u2013 ideaalne liha ja taimetoitude valmistamiseks ilma lisapotti vajamata. See lahendus muudab singivalmistaja kasutamise v\u00e4ga lihtsaks. See on loodud maitsvate aurutatud lihade valmistamiseks kodus. Seda on lihtne kasutada ja see v\u00f5imaldab teil valmistada kuni 1,5 kg liha. T\u00e4nu avarale kambrile saate valmistada peekonit, sinki v\u00f5i aromaatseid rulle, mis sobivad ideaalselt pere v\u00f5i s\u00f5pradega koosviibimiseks! See spetsiaalne k\u00f6\u00f6gitarbed sobivad ideaalselt mahlaste \u00f5htus\u00f6\u00f6gilihade, erinevat t\u00fc\u00fcpi k\u00fclml\u00f5ikude ja taimetoitude valmistamiseks \u2013 tervislikud ja keemiliste lisanditeta.<\/span><\/p>\n<p><span style=\"font-size: 14px;\">See toode sobib igat t\u00fc\u00fcpi pliitidele.<\/span><\/p>","protected":false},"excerpt":{"rendered":"<h3><span style=\"font-size: 16px;\">Vees\u00e4rgiga singivalmistaja kompekt (1,5kg)<\/span><\/h3>\n","protected":false},"featured_media":15825,"template":"","meta":[],"product_cat":[603],"product_tag":[],"_links":{"self":[{"href":"https:\/\/tdbeer.ee\/et\/wp-json\/wp\/v2\/product\/15824"}],"collection":[{"href":"https:\/\/tdbeer.ee\/et\/wp-json\/wp\/v2\/product"}],"about":[{"href":"https:\/\/tdbeer.ee\/et\/wp-json\/wp\/v2\/types\/product"}],"wp:featuredmedia":[{"embeddable":true,"href":"https:\/\/tdbeer.ee\/et\/wp-json\/wp\/v2\/media\/15825"}],"wp:attachment":[{"href":"https:\/\/tdbeer.ee\/et\/wp-json\/wp\/v2\/media?parent=15824"}],"wp:term":[{"taxonomy":"product_cat","embeddable":true,"href":"https:\/\/tdbeer.ee\/et\/wp-json\/wp\/v2\/product_cat?post=15824"},{"taxonomy":"product_tag","embeddable":true,"href":"https:\/\/tdbeer.ee\/et\/wp-json\/wp\/v2\/product_tag?post=15824"}],"curies":[{"name":"wp","href":"https:\/\/api.w.org\/{rel}","templated":true}]}}