{"id":15830,"date":"2025-08-28T14:34:38","date_gmt":"2025-08-28T12:34:38","guid":{"rendered":"https:\/\/tdbeer.ee\/ru\/?post_type=product&#038;p=15830"},"modified":"2025-09-13T11:49:55","modified_gmt":"2025-09-13T09:49:55","slug":"uteho-a-16-electro","status":"publish","type":"product","link":"https:\/\/tdbeer.ee\/et\/p\/uteho-a-16-electro\/","title":{"rendered":"Uteho A-16 electro"},"content":{"rendered":"<p><span style=\"font-size: 14px;\">Autoklaav Uteho A-16 elektro, universaalne.<\/span><br \/>\n<span style=\"font-size: 14px;\">Autoklaavide abil saate valmistada: kondenspiima, kana, k\u00f6\u00f6givilju, hautatud liha, kala, pasteeti.<\/span><br \/>\n<span style=\"font-size: 14px;\">Autoklaav muutub teie k\u00f6\u00f6gis asendamatuks. Autoklaavis saate valmistada suurt hulka roogasid, millest te ehk isegi ei tea: k\u00f5rvitsamarja, kala ja mereannid, moos, seened.<\/span><br \/>\n<span style=\"font-size: 14px;\">\u00dcldine informatsioon:<\/span><br \/>\n<span style=\"font-size: 14px;\">P\u00e4ritoluriik &#8211; Ukraina;<\/span><br \/>\n<span style=\"font-size: 14px;\">Korpuse materjal &#8211; toidukvaliteediga roostevaba teras Aisi 304;<\/span><br \/>\n<span style=\"font-size: 14px;\">Kuumutamismeetod &#8211; elektrikeris (TEN) v\u00f5i gaas (lahtisel tulel);<\/span><br \/>\n<span style=\"font-size: 14px;\">Minimaalne laadimiskogus &#8211; alates 1 purgist ja rohkem.<\/span><br \/>\n<span style=\"font-size: 14px;\">Mahutavus:<\/span><br \/>\n<span style=\"font-size: 14px;\">0,5 l &#8211; 16 tk.<\/span><br \/>\n<span style=\"font-size: 14px;\">1 l &#8211; 7 tk.<\/span><br \/>\n<span style=\"font-size: 14px;\">2 l &#8211; 3 tk.<\/span><br \/>\n<span style=\"font-size: 14px;\">3 l &#8211; 2 tk.<\/span><br \/>\n<span style=\"font-size: 14px;\">Spetsifikatsioonid:<\/span><br \/>\n<span style=\"font-size: 14px;\">V\u00f5imsus &#8211; 2 kW;<\/span><br \/>\n<span style=\"font-size: 14px;\">V\u00f5rgupinge &#8211; 220 W;<\/span><br \/>\n<span style=\"font-size: 14px;\">Pakendatult k\u00f5rgus &#8211; 44 cm;<\/span><br \/>\n<span style=\"font-size: 14px;\">Kokkupandult k\u00f5rgus &#8211; 55 cm;<\/span><br \/>\n<span style=\"font-size: 14px;\">L\u00e4bim\u00f5\u00f5t &#8211; 32 cm;<\/span><br \/>\n<span style=\"font-size: 14px;\">Kaela l\u00e4bim\u00f5\u00f5t &#8211; 17 cm;<\/span><br \/>\n<span style=\"font-size: 14px;\">Kaal &#8211; 10 kg;<\/span><br \/>\n<span style=\"font-size: 14px;\">Maht &#8211; 25 l;<\/span><br \/>\n<span style=\"font-size: 14px;\">Termomeeter &#8211; 120\u00b0\u0421;<\/span><br \/>\n<span style=\"font-size: 14px;\">T\u00f6\u00f6temperatuur &#8211; 110\u00b0\u0421 &#8211; 120\u00b0\u0421;<\/span><br \/>\n<span style=\"font-size: 14px;\">Maksimaalne temperatuur &#8211; 125\u00b0\u0421;<\/span><br \/>\n<span style=\"font-size: 14px;\">Manomeeter &#8211; 6 atm;<\/span><br \/>\n<span style=\"font-size: 14px;\">T\u00f6\u00f6r\u00f5hk &#8211; 3,5 atm;<\/span><br \/>\n<span style=\"font-size: 14px;\">Maksimaalne t\u00f6\u00f6r\u00f5hk &#8211; 6 atm;<\/span><br \/>\n<span style=\"font-size: 14px;\">Seina paksus &#8211; 1,5 mm;<\/span><br \/>\n<span style=\"font-size: 14px;\">P\u00f5hja paksus &#8211; kumbki 2 mm;<\/span><br \/>\n<span style=\"font-size: 14px;\">Kaela ja kaane paksus &#8211; kumbki 6 mm;<\/span><br \/>\n<span style=\"font-size: 14px;\">T\u00f6\u00f6temperatuurini kuumutamine &#8211; 60 min.<\/span><\/p>\n<p><span style=\"font-size: 14px;\">Autoklaavi ei ole vaja t\u00e4ielikult laadida; v\u00f5ite s\u00e4ilitada mistahes arvu purke (\u00fchest purgist kuni t\u00e4islaadimiseni).<\/span><\/p>","protected":false},"excerpt":{"rendered":"<h3><span style=\"font-size: 16px;\">Autoklaav Uteho A-16 elektro, universaalne<\/span><\/h3>\n","protected":false},"featured_media":15831,"template":"","meta":[],"product_cat":[755],"product_tag":[],"_links":{"self":[{"href":"https:\/\/tdbeer.ee\/et\/wp-json\/wp\/v2\/product\/15830"}],"collection":[{"href":"https:\/\/tdbeer.ee\/et\/wp-json\/wp\/v2\/product"}],"about":[{"href":"https:\/\/tdbeer.ee\/et\/wp-json\/wp\/v2\/types\/product"}],"wp:featuredmedia":[{"embeddable":true,"href":"https:\/\/tdbeer.ee\/et\/wp-json\/wp\/v2\/media\/15831"}],"wp:attachment":[{"href":"https:\/\/tdbeer.ee\/et\/wp-json\/wp\/v2\/media?parent=15830"}],"wp:term":[{"taxonomy":"product_cat","embeddable":true,"href":"https:\/\/tdbeer.ee\/et\/wp-json\/wp\/v2\/product_cat?post=15830"},{"taxonomy":"product_tag","embeddable":true,"href":"https:\/\/tdbeer.ee\/et\/wp-json\/wp\/v2\/product_tag?post=15830"}],"curies":[{"name":"wp","href":"https:\/\/api.w.org\/{rel}","templated":true}]}}