{"id":15858,"date":"2025-09-17T13:06:57","date_gmt":"2025-09-17T11:06:57","guid":{"rendered":"https:\/\/tdbeer.ee\/ru\/?post_type=product&#038;p=15858"},"modified":"2025-09-17T13:06:57","modified_gmt":"2025-09-17T11:06:57","slug":"kaablimuhv-a1-0410-0-6-1kv","status":"publish","type":"product","link":"https:\/\/tdbeer.ee\/et\/p\/kaablimuhv-a1-0410-0-6-1kv\/","title":{"rendered":"Kaablimuhv A1-0410 0.6\/1kV"},"content":{"rendered":"<p>Geelkaablimuhv<\/p>\n<p>Eesm\u00e4rk: kaablimuhv voolukaablitele pingega 0,6\/1 kV<br \/>\nKaabli l\u00e4bim\u00f5\u00f5t: ligikaudu 7 kuni 30 mm<br \/>\nJuhtmete arv: 1-5 juhtmestikku<br \/>\nJuhtmete ristl\u00f5ike pindala: umbes 1,5 kuni ~50 mm\u00b2<br \/>\nGeeli tihedus: ~1,37 g\/cm\u00b3<br \/>\nDielektriline tugevus: &gt;20 kV\/mm<br \/>\nSuletud\/muhvitud \u00fchenduse genereerimise aeg: umbes 20 minutit<\/p>","protected":false},"excerpt":{"rendered":"<h3><span style=\"font-size: 16px;\">Kaablimuhv A1-0410 0.6\/1kV<\/span><\/h3>\n","protected":false},"featured_media":15859,"template":"","meta":[],"product_cat":[756,757],"product_tag":[],"_links":{"self":[{"href":"https:\/\/tdbeer.ee\/et\/wp-json\/wp\/v2\/product\/15858"}],"collection":[{"href":"https:\/\/tdbeer.ee\/et\/wp-json\/wp\/v2\/product"}],"about":[{"href":"https:\/\/tdbeer.ee\/et\/wp-json\/wp\/v2\/types\/product"}],"wp:featuredmedia":[{"embeddable":true,"href":"https:\/\/tdbeer.ee\/et\/wp-json\/wp\/v2\/media\/15859"}],"wp:attachment":[{"href":"https:\/\/tdbeer.ee\/et\/wp-json\/wp\/v2\/media?parent=15858"}],"wp:term":[{"taxonomy":"product_cat","embeddable":true,"href":"https:\/\/tdbeer.ee\/et\/wp-json\/wp\/v2\/product_cat?post=15858"},{"taxonomy":"product_tag","embeddable":true,"href":"https:\/\/tdbeer.ee\/et\/wp-json\/wp\/v2\/product_tag?post=15858"}],"curies":[{"name":"wp","href":"https:\/\/api.w.org\/{rel}","templated":true}]}}