{"id":15860,"date":"2025-09-17T13:13:32","date_gmt":"2025-09-17T11:13:32","guid":{"rendered":"https:\/\/tdbeer.ee\/ru\/?post_type=product&#038;p=15860"},"modified":"2025-09-17T13:13:58","modified_gmt":"2025-09-17T11:13:58","slug":"kaablimuhv-b1-0406-0-6-1kv","status":"publish","type":"product","link":"https:\/\/tdbeer.ee\/et\/p\/kaablimuhv-b1-0406-0-6-1kv\/","title":{"rendered":"Kaablimuhv B1-0406 0.6\/1kV"},"content":{"rendered":"<p>Geelikaablimuhv<\/p>\n<p>Eesm\u00e4rk: kaablimuhv voolukaablitele pingega 0,6\/1 kV<br \/>\nKaabli l\u00e4bim\u00f5\u00f5t: ligikaudu 7 kuni 23 mm<br \/>\nJuhtmete arv: 1-5 juhtmestikku<br \/>\nJuhtmete ristl\u00f5ike pindala: umbes 1,5 kuni ~35 mm\u00b2<br \/>\nGeeli tihedus: umbes 1,37 g\/cm\u00b3<br \/>\nDielektriline tugevus: &gt;20 kV\/mm<br \/>\nMuhvi omaduste kehtivuse aeg: umbes 20 minutit<\/p>","protected":false},"excerpt":{"rendered":"<h3><span style=\"font-size: 16px;\">Kaablimuhv B1-0406 0.6\/1kV<\/span><\/h3>\n","protected":false},"featured_media":15861,"template":"","meta":[],"product_cat":[756,757],"product_tag":[],"_links":{"self":[{"href":"https:\/\/tdbeer.ee\/et\/wp-json\/wp\/v2\/product\/15860"}],"collection":[{"href":"https:\/\/tdbeer.ee\/et\/wp-json\/wp\/v2\/product"}],"about":[{"href":"https:\/\/tdbeer.ee\/et\/wp-json\/wp\/v2\/types\/product"}],"wp:featuredmedia":[{"embeddable":true,"href":"https:\/\/tdbeer.ee\/et\/wp-json\/wp\/v2\/media\/15861"}],"wp:attachment":[{"href":"https:\/\/tdbeer.ee\/et\/wp-json\/wp\/v2\/media?parent=15860"}],"wp:term":[{"taxonomy":"product_cat","embeddable":true,"href":"https:\/\/tdbeer.ee\/et\/wp-json\/wp\/v2\/product_cat?post=15860"},{"taxonomy":"product_tag","embeddable":true,"href":"https:\/\/tdbeer.ee\/et\/wp-json\/wp\/v2\/product_tag?post=15860"}],"curies":[{"name":"wp","href":"https:\/\/api.w.org\/{rel}","templated":true}]}}