{"id":15877,"date":"2025-09-27T11:12:24","date_gmt":"2025-09-27T09:12:24","guid":{"rendered":"https:\/\/tdbeer.ee\/ru\/?post_type=product&#038;p=15877"},"modified":"2025-09-27T11:12:24","modified_gmt":"2025-09-27T09:12:24","slug":"uteho-che-16-gaas","status":"publish","type":"product","link":"https:\/\/tdbeer.ee\/et\/p\/uteho-che-16-gaas\/","title":{"rendered":"Uteho CHE-16 Gaas"},"content":{"rendered":"<p><span style=\"font-size: 14px;\">Mahutavus:<\/span><br \/>\n<span style=\"font-size: 14px;\">0,5L: 16 tk<\/span><br \/>\n<span style=\"font-size: 14px;\">1L: 7 tk<\/span><br \/>\n<span style=\"font-size: 14px;\">2L: 3 tk<\/span><br \/>\n<span style=\"font-size: 14px;\">3L: 0 tk<\/span><br \/>\n<span style=\"font-size: 14px;\">Tehnilised andmed:<\/span><br \/>\n<span style=\"font-size: 14px;\">K\u00f5rgus: 53 cm<\/span><br \/>\n<span style=\"font-size: 14px;\">L\u00e4bim\u00f5\u00f5t: 32 cm<\/span><br \/>\n<span style=\"font-size: 14px;\">Kaela l\u00e4bim\u00f5\u00f5t: 15 cm<\/span><br \/>\n<span style=\"font-size: 14px;\">Kaal: 12 kg<\/span><br \/>\n<span style=\"font-size: 14px;\">Maht: 20 L<\/span><br \/>\n<span style=\"font-size: 14px;\">Termomeeter: 150\u00b0C<\/span><br \/>\n<span style=\"font-size: 14px;\">T\u00f6\u00f6temperatuur: 110\u00b0C &#8211; 120\u00b0C<\/span><br \/>\n<span style=\"font-size: 14px;\">Maksimaalne temperatuur: 125\u00b0C<\/span><br \/>\n<span style=\"font-size: 14px;\">Manomeeter: 6 atm<\/span><br \/>\n<span style=\"font-size: 14px;\">T\u00f6\u00f6r\u00f5hk: 3,5 atm<\/span><br \/>\n<span style=\"font-size: 14px;\">Maksimaalne t\u00f6\u00f6r\u00f5hk: 6 atm<\/span><br \/>\n<span style=\"font-size: 14px;\">Seina paksus: 2 mm<\/span><br \/>\n<span style=\"font-size: 14px;\">P\u00f5hja paksus: 3 mm kumbki<\/span><br \/>\n<span style=\"font-size: 14px;\">Kaela ja kaane paksus: 6 mm kumbki<\/span><br \/>\n<span style=\"font-size: 14px;\">Kuumutamine t\u00f6\u00f6temperatuurini: 60 minutit<\/span><\/p>\n<p><span style=\"font-size: 14px;\">Garantii: 2 aastat<\/span><\/p>","protected":false},"excerpt":{"rendered":"<h3><span style=\"font-size: 16px;\">Autoklaav Uteho &#8220;CHE-16&#8221;\u00a0 &#8211; gaas<\/span><\/h3>\n","protected":false},"featured_media":15878,"template":"","meta":[],"product_cat":[755],"product_tag":[],"_links":{"self":[{"href":"https:\/\/tdbeer.ee\/et\/wp-json\/wp\/v2\/product\/15877"}],"collection":[{"href":"https:\/\/tdbeer.ee\/et\/wp-json\/wp\/v2\/product"}],"about":[{"href":"https:\/\/tdbeer.ee\/et\/wp-json\/wp\/v2\/types\/product"}],"wp:featuredmedia":[{"embeddable":true,"href":"https:\/\/tdbeer.ee\/et\/wp-json\/wp\/v2\/media\/15878"}],"wp:attachment":[{"href":"https:\/\/tdbeer.ee\/et\/wp-json\/wp\/v2\/media?parent=15877"}],"wp:term":[{"taxonomy":"product_cat","embeddable":true,"href":"https:\/\/tdbeer.ee\/et\/wp-json\/wp\/v2\/product_cat?post=15877"},{"taxonomy":"product_tag","embeddable":true,"href":"https:\/\/tdbeer.ee\/et\/wp-json\/wp\/v2\/product_tag?post=15877"}],"curies":[{"name":"wp","href":"https:\/\/api.w.org\/{rel}","templated":true}]}}