{"id":15896,"date":"2025-09-27T12:04:54","date_gmt":"2025-09-27T10:04:54","guid":{"rendered":"https:\/\/tdbeer.ee\/ru\/?post_type=product&#038;p=15896"},"modified":"2025-12-18T15:20:02","modified_gmt":"2025-12-18T13:20:02","slug":"uteho-che-24-electro-universaalne","status":"publish","type":"product","link":"https:\/\/tdbeer.ee\/et\/p\/uteho-che-24-electro-universaalne\/","title":{"rendered":"Uteho &#8220;CHE-24 electro&#8221; (universaalne)"},"content":{"rendered":"<p><span style=\"font-size: 14px;\">Mahutavus:<\/span><br \/>\n<span style=\"font-size: 14px;\">0,5L: 24 tk<\/span><br \/>\n<span style=\"font-size: 14px;\">1L: 14 tk<\/span><br \/>\n<span style=\"font-size: 14px;\">2L: 3 tk<\/span><br \/>\n<span style=\"font-size: 14px;\">3L: 0 tk<\/span><\/p>\n<p><span style=\"font-size: 14px;\">Spetsifikatsioonid:<\/span><br \/>\n<span style=\"font-size: 14px;\">V\u00f5imsus: 2 kW<\/span><br \/>\n<span style=\"font-size: 14px;\">Pinge: 220 W<\/span><br \/>\n<span style=\"font-size: 14px;\">K\u00f5rgus: 69 cm<\/span><br \/>\n<span style=\"font-size: 14px;\">L\u00e4bim\u00f5\u00f5t: 32 cm<\/span><br \/>\n<span style=\"font-size: 14px;\">Kaela l\u00e4bim\u00f5\u00f5t: 15 cm<\/span><br \/>\n<span style=\"font-size: 14px;\">Kaal: 15 kg<\/span><br \/>\n<span style=\"font-size: 14px;\">Maht: 30 L<\/span><br \/>\n<span style=\"font-size: 14px;\">Termomeeter: 150\u00b0C<\/span><br \/>\n<span style=\"font-size: 14px;\">T\u00f6\u00f6temperatuur: 110\u00b0C &#8211; 120\u00b0C<\/span><br \/>\n<span style=\"font-size: 14px;\">Maksimaalne temperatuur: 125\u00b0C<\/span><br \/>\n<span style=\"font-size: 14px;\">Manomeeter: 6 atm<\/span><br \/>\n<span style=\"font-size: 14px;\">T\u00f6\u00f6r\u00f5hk: 3,5 atm<\/span><br \/>\n<span style=\"font-size: 14px;\">Maksimaalne t\u00f6\u00f6r\u00f5hk: 6 atm<\/span><br \/>\n<span style=\"font-size: 14px;\">Seina paksus: 2 mm<\/span><br \/>\n<span style=\"font-size: 14px;\">P\u00f5hja paksus: 3 mm kumbki<\/span><br \/>\n<span style=\"font-size: 14px;\">Kaela ja kaane paksus: 6 mm kumbki<\/span><br \/>\n<span style=\"font-size: 14px;\">Kuumutamisaeg t\u00f6\u00f6temperatuurini: 80 minutit<\/span><\/p>\n<p><span style=\"font-size: 14px;\">Garantii: 2 aastat<\/span><\/p>","protected":false},"excerpt":{"rendered":"<h3><span style=\"font-size: 16px;\">Autoklaav Uteho &#8220;CHE-24 electro&#8221; (universaalne)<\/span><\/h3>\n","protected":false},"featured_media":15897,"template":"","meta":[],"product_cat":[755],"product_tag":[],"_links":{"self":[{"href":"https:\/\/tdbeer.ee\/et\/wp-json\/wp\/v2\/product\/15896"}],"collection":[{"href":"https:\/\/tdbeer.ee\/et\/wp-json\/wp\/v2\/product"}],"about":[{"href":"https:\/\/tdbeer.ee\/et\/wp-json\/wp\/v2\/types\/product"}],"wp:featuredmedia":[{"embeddable":true,"href":"https:\/\/tdbeer.ee\/et\/wp-json\/wp\/v2\/media\/15897"}],"wp:attachment":[{"href":"https:\/\/tdbeer.ee\/et\/wp-json\/wp\/v2\/media?parent=15896"}],"wp:term":[{"taxonomy":"product_cat","embeddable":true,"href":"https:\/\/tdbeer.ee\/et\/wp-json\/wp\/v2\/product_cat?post=15896"},{"taxonomy":"product_tag","embeddable":true,"href":"https:\/\/tdbeer.ee\/et\/wp-json\/wp\/v2\/product_tag?post=15896"}],"curies":[{"name":"wp","href":"https:\/\/api.w.org\/{rel}","templated":true}]}}