{"id":15903,"date":"2025-09-27T12:22:52","date_gmt":"2025-09-27T10:22:52","guid":{"rendered":"https:\/\/tdbeer.ee\/ru\/?post_type=product&#038;p=15903"},"modified":"2025-09-27T12:37:05","modified_gmt":"2025-09-27T10:37:05","slug":"uteho-a24-elektro-universaalne","status":"publish","type":"product","link":"https:\/\/tdbeer.ee\/et\/p\/uteho-a24-elektro-universaalne\/","title":{"rendered":"Uteho &#8220;A24 elektro&#8221; (universaalne)"},"content":{"rendered":"<p><span style=\"font-size: 14px;\">Mahutavus:<\/span><br \/>\n<span style=\"font-size: 14px;\">0,5L: 24 tk<\/span><br \/>\n<span style=\"font-size: 14px;\">1L: 14 tk<\/span><br \/>\n<span style=\"font-size: 14px;\">2L: 3 tk<\/span><br \/>\n<span style=\"font-size: 14px;\">3L: 2 tk<\/span><\/p>\n<p><span style=\"font-size: 14px;\">Spetsifikatsioonid<\/span><br \/>\n<span style=\"font-size: 14px;\">V\u00f5imsus: 2 kW<\/span><br \/>\n<span style=\"font-size: 14px;\">Pinge: 220V<\/span><br \/>\n<span style=\"font-size: 14px;\">K\u00f5rgus: 54 cm<\/span><br \/>\n<span style=\"font-size: 14px;\">Kokkupandud k\u00f5rgus: 65 cm<\/span><br \/>\n<span style=\"font-size: 14px;\">L\u00e4bim\u00f5\u00f5t: 32 cm<\/span><br \/>\n<span style=\"font-size: 14px;\">Kaela l\u00e4bim\u00f5\u00f5t: 17 cm<\/span><br \/>\n<span style=\"font-size: 14px;\">Kaal: 11 kg<\/span><br \/>\n<span style=\"font-size: 14px;\">Maht: 35 L<\/span><br \/>\n<span style=\"font-size: 14px;\">Termomeeter: 120\u00b0C<\/span><br \/>\n<span style=\"font-size: 14px;\">T\u00f6\u00f6temperatuur: 110\u00b0C &#8211; 120\u00b0C<\/span><br \/>\n<span style=\"font-size: 14px;\">Maksimaalne temperatuur: 125\u00b0C<\/span><br \/>\n<span style=\"font-size: 14px;\">Manomeeter: 6 atm<\/span><br \/>\n<span style=\"font-size: 14px;\">T\u00f6\u00f6r\u00f5hk: 3,5 atm<\/span><br \/>\n<span style=\"font-size: 14px;\">Maksimaalne t\u00f6\u00f6r\u00f5hk: 6 atm<\/span><br \/>\n<span style=\"font-size: 14px;\">Seina paksus: 1,5 mm<\/span><br \/>\n<span style=\"font-size: 14px;\">P\u00f5hja paksus: 2 mm kumbki<\/span><br \/>\n<span style=\"font-size: 14px;\">\u00c4\u00e4riku ja kaane paksus: 6 mm kumbki<\/span><br \/>\n<span style=\"font-size: 14px;\">Kuumutamisaeg t\u00f6\u00f6temperatuurini: 80 minutit<\/span><\/p>\n<p><span style=\"font-size: 14px;\">Garantii: 2 aastat<\/span><\/p>","protected":false},"excerpt":{"rendered":"<h3><span style=\"font-size: 16px;\">Autoklaav Uteho &#8220;A24 elektro&#8221; (universaalne)<\/span><\/h3>\n","protected":false},"featured_media":15910,"template":"","meta":[],"product_cat":[755],"product_tag":[],"_links":{"self":[{"href":"https:\/\/tdbeer.ee\/et\/wp-json\/wp\/v2\/product\/15903"}],"collection":[{"href":"https:\/\/tdbeer.ee\/et\/wp-json\/wp\/v2\/product"}],"about":[{"href":"https:\/\/tdbeer.ee\/et\/wp-json\/wp\/v2\/types\/product"}],"wp:featuredmedia":[{"embeddable":true,"href":"https:\/\/tdbeer.ee\/et\/wp-json\/wp\/v2\/media\/15910"}],"wp:attachment":[{"href":"https:\/\/tdbeer.ee\/et\/wp-json\/wp\/v2\/media?parent=15903"}],"wp:term":[{"taxonomy":"product_cat","embeddable":true,"href":"https:\/\/tdbeer.ee\/et\/wp-json\/wp\/v2\/product_cat?post=15903"},{"taxonomy":"product_tag","embeddable":true,"href":"https:\/\/tdbeer.ee\/et\/wp-json\/wp\/v2\/product_tag?post=15903"}],"curies":[{"name":"wp","href":"https:\/\/api.w.org\/{rel}","templated":true}]}}