{"id":15963,"date":"2025-10-28T12:15:43","date_gmt":"2025-10-28T10:15:43","guid":{"rendered":"https:\/\/tdbeer.ee\/ru\/?post_type=product&#038;p=15963"},"modified":"2025-10-28T12:25:32","modified_gmt":"2025-10-28T10:25:32","slug":"aromaxl-35-kw-induktsioonpliit","status":"publish","type":"product","link":"https:\/\/tdbeer.ee\/et\/p\/aromaxl-35-kw-induktsioonpliit\/","title":{"rendered":"AromaXL 3,5 kW induktsioonpliit"},"content":{"rendered":"<p><span style=\"font-size: 14px;\">3,5-kilovatine induktsioonpliidiplaat sujuva v\u00f5imsuse reguleerimisega 100-vatise sammuga, ilma kuumutamis-jahutusimpulssideta.<\/span><\/p>\n<p><span style=\"font-size: 14px;\">Taimer: Taimeriga saate hakkama isegi k\u00f5ige keerulisemate ja keerukamate roogadega. Sellel mudelil on 24-tunnine taimeri seadistus!<\/span><\/p>\n<p><span style=\"font-size: 14px;\">T\u00e4nu oma vastupidavale disainile talub pliidiplaat kuni 100 kg raskust, mis annab teile praktiliselt piiramatu paindlikkuse toidu kaalu osas.<\/span><\/p>\n<p><span style=\"font-size: 14px;\">V\u00f5imsusvahemik: 400 W &#8211; 3500 W (100 W sammuga)<\/span><br \/>\n<span style=\"font-size: 14px;\">Temperatuurivahemik: 60 \u00b0C &#8211; 240 \u00b0C (140 \u00b0F &#8211; 464 \u00b0F)<\/span><br \/>\n<span style=\"font-size: 14px;\">Taimer: 24 tundi<\/span><br \/>\n<span style=\"font-size: 14px;\">Maksimaalne koormus: Kuni 100 kg, p\u00f5hja l\u00e4bim\u00f5\u00f5du korral v\u00e4hemalt 28,5 cm (11,22 tolli)<\/span><br \/>\n<span style=\"font-size: 14px;\">Potni minimaalne l\u00e4bim\u00f5\u00f5t: 10 cm (3,94 tolli)<\/span><br \/>\n<span style=\"font-size: 14px;\">T\u00f6\u00f6pinge: 220\u2013240 V \/ 50\u201360 Hz<\/span><br \/>\n<span style=\"font-size: 14px;\">Kaal: 5,2 kg (11,4 naela)<\/span><br \/>\n<span style=\"font-size: 14px;\">Pliidi suurus: 42 cm x 32,5 cm x 12 cm (16,5 tolli x 12,8 tolli x 4,7 tolli)<\/span><\/p>","protected":false},"excerpt":{"rendered":"<h3><span style=\"font-size: 16px;\">AromaXL 3,5 kW induktsioonpliit (kuni 100 kg) sammuga 100W<\/span><\/h3>\n","protected":false},"featured_media":15964,"template":"","meta":[],"product_cat":[405,529,755],"product_tag":[],"_links":{"self":[{"href":"https:\/\/tdbeer.ee\/et\/wp-json\/wp\/v2\/product\/15963"}],"collection":[{"href":"https:\/\/tdbeer.ee\/et\/wp-json\/wp\/v2\/product"}],"about":[{"href":"https:\/\/tdbeer.ee\/et\/wp-json\/wp\/v2\/types\/product"}],"wp:featuredmedia":[{"embeddable":true,"href":"https:\/\/tdbeer.ee\/et\/wp-json\/wp\/v2\/media\/15964"}],"wp:attachment":[{"href":"https:\/\/tdbeer.ee\/et\/wp-json\/wp\/v2\/media?parent=15963"}],"wp:term":[{"taxonomy":"product_cat","embeddable":true,"href":"https:\/\/tdbeer.ee\/et\/wp-json\/wp\/v2\/product_cat?post=15963"},{"taxonomy":"product_tag","embeddable":true,"href":"https:\/\/tdbeer.ee\/et\/wp-json\/wp\/v2\/product_tag?post=15963"}],"curies":[{"name":"wp","href":"https:\/\/api.w.org\/{rel}","templated":true}]}}