{"id":15979,"date":"2025-11-04T13:56:59","date_gmt":"2025-11-04T11:56:59","guid":{"rendered":"https:\/\/tdbeer.ee\/ru\/?post_type=product&#038;p=15979"},"modified":"2025-11-04T13:59:23","modified_gmt":"2025-11-04T11:59:23","slug":"malenkie-kubiki-franczuzskogo-duba-1x1x1-1kg-srednej-prozharki","status":"publish","type":"product","link":"https:\/\/tdbeer.ee\/et\/p\/malenkie-kubiki-franczuzskogo-duba-1x1x1-1kg-srednej-prozharki\/","title":{"rendered":"Prantsuse tamme v\u00e4ikesed kuubikud 1x1x1 1 kg; keskmise r\u00f6stiga"},"content":{"rendered":"<p><span style=\"font-size: 14px;\">Need sobivad ideaalselt enamiku pudelite kaela.<\/span><\/p>\n<p><span style=\"font-size: 14px;\">Tammekuubikud, erinevalt helvestest, on spetsiaalselt toodetud kangete alkohoolsete jookide laagerdamiseks. Nende suurus v\u00f5imaldab tammes sisalduvate kasulike komponentide (tanniinid, aroomid jne) v\u00e4ga aeglast leostumist. See aeglane protsess m\u00f5jutab positiivselt veini aroomibuketi arengut.<\/span><\/p>\n<p><span style=\"font-size: 14px;\">Lisame kuubikuid laagerdumise ajal kiirusega 0,5\u20133 g\/l, p\u00e4rast esimesi 2\u20133 dekanteerimist, v\u00e4hemalt 2 kuu jooksul.<\/span><\/p>\n<p><span style=\"font-size: 14px;\">Tammekuubikud imporditakse otse \u00fchelt Prantsusmaa suurimalt tammehelveste tootjalt.<\/span><\/p>","protected":false},"excerpt":{"rendered":"<h3><span style=\"font-size: 16px;\">Prantsuse tamme v\u00e4ikesed kuubikud 1x1x1 1 kg; keskmise r\u00f6stiga<\/span><\/h3>\n","protected":false},"featured_media":15980,"template":"","meta":[],"product_cat":[405,477,439],"product_tag":[],"_links":{"self":[{"href":"https:\/\/tdbeer.ee\/et\/wp-json\/wp\/v2\/product\/15979"}],"collection":[{"href":"https:\/\/tdbeer.ee\/et\/wp-json\/wp\/v2\/product"}],"about":[{"href":"https:\/\/tdbeer.ee\/et\/wp-json\/wp\/v2\/types\/product"}],"wp:featuredmedia":[{"embeddable":true,"href":"https:\/\/tdbeer.ee\/et\/wp-json\/wp\/v2\/media\/15980"}],"wp:attachment":[{"href":"https:\/\/tdbeer.ee\/et\/wp-json\/wp\/v2\/media?parent=15979"}],"wp:term":[{"taxonomy":"product_cat","embeddable":true,"href":"https:\/\/tdbeer.ee\/et\/wp-json\/wp\/v2\/product_cat?post=15979"},{"taxonomy":"product_tag","embeddable":true,"href":"https:\/\/tdbeer.ee\/et\/wp-json\/wp\/v2\/product_tag?post=15979"}],"curies":[{"name":"wp","href":"https:\/\/api.w.org\/{rel}","templated":true}]}}