{"id":15981,"date":"2025-11-04T14:22:28","date_gmt":"2025-11-04T12:22:28","guid":{"rendered":"https:\/\/tdbeer.ee\/ru\/?post_type=product&#038;p=15981"},"modified":"2025-11-04T14:30:23","modified_gmt":"2025-11-04T12:30:23","slug":"zubrowka-eko","status":"publish","type":"product","link":"https:\/\/tdbeer.ee\/et\/p\/zubrowka-eko\/","title":{"rendered":"Zubrowka EKO"},"content":{"rendered":"<p><span style=\"font-size: 14px;\">\u017bubr\u00f3wka ECO &#8211; \u017bubr\u00f3wka rohi (sisaldab magusat zubr\u00f3wka rohtu (Hierochlo\u00eb odorata). Jagub 5 liitrile alkoholile. See annab viinale \u00f5rna maitse ja aroomi. \u017bubr\u00f3wkas sisalduv kumariin omab kergelt rahustavat ja p\u00f5letikuvastast toimet. \u00dcrt on kogutud Bia\u0142owie\u017ca metsa metsaaladelt. Iga 0,5-liitrise pudeli kohta lisa umbes 10-14 p\u00e4eva enne tarbimist 1-2 \u017bubr\u00f3wka rohtu ja n\u00e4puotsat\u00e4is suhkrut. Viin on joomiseks valmis, kui see muutub kergelt roheliseks.<\/span><\/p>","protected":false},"excerpt":{"rendered":"<h3><span style=\"font-size: 16px;\">\u017bubr\u00f3wka ECO &#8211; \u017bubr\u00f3wka rohi<\/span><\/h3>\n","protected":false},"featured_media":15983,"template":"","meta":[],"product_cat":[405,477,444],"product_tag":[],"_links":{"self":[{"href":"https:\/\/tdbeer.ee\/et\/wp-json\/wp\/v2\/product\/15981"}],"collection":[{"href":"https:\/\/tdbeer.ee\/et\/wp-json\/wp\/v2\/product"}],"about":[{"href":"https:\/\/tdbeer.ee\/et\/wp-json\/wp\/v2\/types\/product"}],"wp:featuredmedia":[{"embeddable":true,"href":"https:\/\/tdbeer.ee\/et\/wp-json\/wp\/v2\/media\/15983"}],"wp:attachment":[{"href":"https:\/\/tdbeer.ee\/et\/wp-json\/wp\/v2\/media?parent=15981"}],"wp:term":[{"taxonomy":"product_cat","embeddable":true,"href":"https:\/\/tdbeer.ee\/et\/wp-json\/wp\/v2\/product_cat?post=15981"},{"taxonomy":"product_tag","embeddable":true,"href":"https:\/\/tdbeer.ee\/et\/wp-json\/wp\/v2\/product_tag?post=15981"}],"curies":[{"name":"wp","href":"https:\/\/api.w.org\/{rel}","templated":true}]}}