{"id":15982,"date":"2025-11-04T14:30:27","date_gmt":"2025-11-04T12:30:27","guid":{"rendered":"https:\/\/tdbeer.ee\/ru\/?post_type=product&#038;p=15982"},"modified":"2025-11-04T14:30:27","modified_gmt":"2025-11-04T12:30:27","slug":"vaikesed-prantsuse-tammekuubikud-1x1x1-100g-keskmise-rostiga","status":"publish","type":"product","link":"https:\/\/tdbeer.ee\/et\/p\/vaikesed-prantsuse-tammekuubikud-1x1x1-100g-keskmise-rostiga\/","title":{"rendered":"V\u00e4ikesed prantsuse tammekuubikud 1x1x1 100g; keskmise r\u00f6stiga"},"content":{"rendered":"<p><span style=\"font-size: 14px;\">Sobib ideaalselt enamiku pudelite kaela.<\/span><\/p>\n<p><span style=\"font-size: 14px;\">Tammekuubikud, erinevalt helvestest, on spetsiaalselt toodetud kangete alkohoolsete jookide laagerdamiseks. T\u00e4nu oma suurusele on dubis sisalduvate kasulike komponentide (tanniinid, aroomid jne) leostumisprotsess v\u00e4ga aeglane. See aeglane protsess m\u00f5jutab positiivselt veinibuketi arengut.<\/span><\/p>\n<p><span style=\"font-size: 14px;\">Lisame kuubikuid 0,5\u20133 g\/l koguses laagerdumise ajal, p\u00e4rast esimesi 2\u20133 dekanteerimist, v\u00e4hemalt 2 kuu jooksul.<\/span><\/p>\n<p><span style=\"font-size: 14px;\">Tammekuubikud imporditakse otse \u00fchelt Prantsusmaa suurimalt tammegraanulite tootjalt.<\/span><\/p>","protected":false},"excerpt":{"rendered":"<h3><span style=\"font-size: 16px;\">V\u00e4ikesed prantsuse tammekuubikud 1x1x1 100g; keskmise r\u00f6stiga<\/span><\/h3>\n","protected":false},"featured_media":15980,"template":"","meta":[],"product_cat":[405,477,439],"product_tag":[],"_links":{"self":[{"href":"https:\/\/tdbeer.ee\/et\/wp-json\/wp\/v2\/product\/15982"}],"collection":[{"href":"https:\/\/tdbeer.ee\/et\/wp-json\/wp\/v2\/product"}],"about":[{"href":"https:\/\/tdbeer.ee\/et\/wp-json\/wp\/v2\/types\/product"}],"wp:featuredmedia":[{"embeddable":true,"href":"https:\/\/tdbeer.ee\/et\/wp-json\/wp\/v2\/media\/15980"}],"wp:attachment":[{"href":"https:\/\/tdbeer.ee\/et\/wp-json\/wp\/v2\/media?parent=15982"}],"wp:term":[{"taxonomy":"product_cat","embeddable":true,"href":"https:\/\/tdbeer.ee\/et\/wp-json\/wp\/v2\/product_cat?post=15982"},{"taxonomy":"product_tag","embeddable":true,"href":"https:\/\/tdbeer.ee\/et\/wp-json\/wp\/v2\/product_tag?post=15982"}],"curies":[{"name":"wp","href":"https:\/\/api.w.org\/{rel}","templated":true}]}}