{"id":15984,"date":"2025-11-04T14:47:45","date_gmt":"2025-11-04T12:47:45","guid":{"rendered":"https:\/\/tdbeer.ee\/ru\/?post_type=product&#038;p=15984"},"modified":"2026-03-18T12:17:25","modified_gmt":"2026-03-18T10:17:25","slug":"alkoholi-likoori-segu-kova-juur","status":"publish","type":"product","link":"https:\/\/tdbeer.ee\/et\/p\/alkoholi-likoori-segu-kova-juur\/","title":{"rendered":"Alkoholi lik\u00f6\u00f6ri segu \u201cK\u00d5VA JUUR\u201d"},"content":{"rendered":"<p><span style=\"font-size: 14px;\"><strong data-start=\"1251\" data-end=\"1266\">&#8220;K\u00d5VA JUUR&#8221;<\/strong> lik\u00f6\u00f6ri segu 2 liitri alkoholi jaoks.<\/span><br data-start=\"1304\" data-end=\"1307\" \/><span style=\"font-size: 14px;\">Vanal ajal raviti paljusid haigusi seoste p\u00f5him\u00f5ttel \u2014 n\u00e4iteks neere raviti taimede lehtedega, mis meenutasid neeru kuju, kollat\u00f5be kollaste \u00f5itega jne.<\/span><br data-start=\"1459\" data-end=\"1462\" \/><span style=\"font-size: 14px;\">Pakume spetsiaalselt valitud segu k\u00f5vadest juurtest, mis t\u00f5stab eluj\u00f5udu ja parandab seksuaalset v\u00f5imekust.<\/span><br data-start=\"1569\" data-end=\"1572\" \/><span style=\"font-size: 14px;\">Vala pakendi sisu purki, lisa 2 liitrit viina ja lase seista soojas, pimedas kohas 2 n\u00e4dalat. Seej\u00e4rel kurna, vala pudelitesse ja lase laagerduda umbes 2 kuud.<\/span><br data-start=\"1731\" data-end=\"1734\" \/><span style=\"font-size: 14px;\">Kaal: 20\u201330 g.<\/span><\/p>","protected":false},"excerpt":{"rendered":"<h3><span style=\"font-size: 16px;\">Alkoholi lik\u00f6\u00f6ri segu \u201cK\u00d5VA JUUR\u201d<\/span><\/h3>\n","protected":false},"featured_media":15987,"template":"","meta":[],"product_cat":[405,477,444],"product_tag":[],"_links":{"self":[{"href":"https:\/\/tdbeer.ee\/et\/wp-json\/wp\/v2\/product\/15984"}],"collection":[{"href":"https:\/\/tdbeer.ee\/et\/wp-json\/wp\/v2\/product"}],"about":[{"href":"https:\/\/tdbeer.ee\/et\/wp-json\/wp\/v2\/types\/product"}],"wp:featuredmedia":[{"embeddable":true,"href":"https:\/\/tdbeer.ee\/et\/wp-json\/wp\/v2\/media\/15987"}],"wp:attachment":[{"href":"https:\/\/tdbeer.ee\/et\/wp-json\/wp\/v2\/media?parent=15984"}],"wp:term":[{"taxonomy":"product_cat","embeddable":true,"href":"https:\/\/tdbeer.ee\/et\/wp-json\/wp\/v2\/product_cat?post=15984"},{"taxonomy":"product_tag","embeddable":true,"href":"https:\/\/tdbeer.ee\/et\/wp-json\/wp\/v2\/product_tag?post=15984"}],"curies":[{"name":"wp","href":"https:\/\/api.w.org\/{rel}","templated":true}]}}