{"id":15985,"date":"2025-11-04T14:47:48","date_gmt":"2025-11-04T12:47:48","guid":{"rendered":"https:\/\/tdbeer.ee\/ru\/?post_type=product&#038;p=15985"},"modified":"2025-11-04T14:47:48","modified_gmt":"2025-11-04T12:47:48","slug":"alkoholi-likoori-segu-sudame","status":"publish","type":"product","link":"https:\/\/tdbeer.ee\/et\/p\/alkoholi-likoori-segu-sudame\/","title":{"rendered":"Alkoholi lik\u00f6\u00f6ri segu \u201cS\u00dcDAME\u201d"},"content":{"rendered":"<p><span style=\"font-size: 14px;\"><strong data-start=\"1005\" data-end=\"1017\">&#8220;S\u00dcDAME&#8221;<\/strong> lik\u00f6\u00f6ri segu 2 liitri alkoholi jaoks.<\/span><br data-start=\"1055\" data-end=\"1058\" \/><span style=\"font-size: 14px;\">Tinktuur m\u00f5jub soodsalt s\u00fcdame t\u00f6\u00f6le, tugevdab seda ja parandab kogu organismi toimimist. Toimib rahustavalt ja aitab unetuse vastu.<\/span><br data-start=\"1190\" data-end=\"1193\" \/><span style=\"font-size: 14px;\">Vala pakendi sisu purki, lisa 2 liitrit alkoholi ja lase seista pimedas ja soojas kohas umbes 2 n\u00e4dalat. Seej\u00e4rel kurna, lisa umbes 100 g mett ja lase seista veel umbes 10 p\u00e4eva.<\/span><br data-start=\"1371\" data-end=\"1374\" \/><span style=\"font-size: 14px;\">Kaal: 20\u201330 g.<\/span><\/p>","protected":false},"excerpt":{"rendered":"<h3><span style=\"font-size: 16px;\">Alkoholi lik\u00f6\u00f6ri segu \u201cS\u00dcDAME\u201d<\/span><\/h3>\n","protected":false},"featured_media":15986,"template":"","meta":[],"product_cat":[405,477,444],"product_tag":[],"_links":{"self":[{"href":"https:\/\/tdbeer.ee\/et\/wp-json\/wp\/v2\/product\/15985"}],"collection":[{"href":"https:\/\/tdbeer.ee\/et\/wp-json\/wp\/v2\/product"}],"about":[{"href":"https:\/\/tdbeer.ee\/et\/wp-json\/wp\/v2\/types\/product"}],"wp:featuredmedia":[{"embeddable":true,"href":"https:\/\/tdbeer.ee\/et\/wp-json\/wp\/v2\/media\/15986"}],"wp:attachment":[{"href":"https:\/\/tdbeer.ee\/et\/wp-json\/wp\/v2\/media?parent=15985"}],"wp:term":[{"taxonomy":"product_cat","embeddable":true,"href":"https:\/\/tdbeer.ee\/et\/wp-json\/wp\/v2\/product_cat?post=15985"},{"taxonomy":"product_tag","embeddable":true,"href":"https:\/\/tdbeer.ee\/et\/wp-json\/wp\/v2\/product_tag?post=15985"}],"curies":[{"name":"wp","href":"https:\/\/api.w.org\/{rel}","templated":true}]}}