{"id":15994,"date":"2025-11-05T13:54:39","date_gmt":"2025-11-05T11:54:39","guid":{"rendered":"https:\/\/tdbeer.ee\/ru\/?post_type=product&#038;p=15994"},"modified":"2026-01-24T11:23:42","modified_gmt":"2026-01-24T09:23:42","slug":"tammevaat-6-liitrit-komplekt-tume-pronks-kraan","status":"publish","type":"product","link":"https:\/\/tdbeer.ee\/et\/p\/tammevaat-6-liitrit-komplekt-tume-pronks-kraan\/","title":{"rendered":"Tammevaat 6 liitrit (komplekt) Tume. (Pronks. kraan)"},"content":{"rendered":"<p><\/p>\n<div id=\"tab-description\" class=\"entry-content woocommerce-Tabs-panel woocommerce-Tabs-panel--description wd-active wd-scroll wd-accordion-content\" role=\"tabpanel\" aria-labelledby=\"tab-title-description\" data-accordion-index=\"description\">\n<div class=\"wc-tab-inner wd-scroll-content\">\n<p data-start=\"118\" data-end=\"745\"><span style=\"font-size: 14px;\">6-liitrine tammevaat on m\u00f5eldud eelk\u00f5ige koduveini, lik\u00f6\u00f6ride jms valmistamiseks. Vaat on seest p\u00f5letatud. P\u00f5letusaste s\u00f5ltub vaadi otstarbest, t\u00e4psemalt hoiustatava alkoholi t\u00fc\u00fcbist. See vaat on v\u00e4ga populaarne koduste veinikelderite ja kodubaaride omanike seas. Jook valatakse \u00fclemisest avast sisse ja suletakse seej\u00e4rel korgiga. K\u00f5ik meie vaadid on k\u00e4sitsi valmistatud traditsioonilise meetodi j\u00e4rgi, liistudest kokku pandud ja kasutamiseks m\u00f5eldud. Tegemist on \u00f6koloogiliste toodetega, millel on rahva- ja kunstk\u00e4sit\u00f6\u00f6 sertifikaat. Iga tammevaat on varustatud aluse ja kraaniga.<\/span><\/p>\n<p data-start=\"747\" data-end=\"764\"><span style=\"font-size: 14px;\"><strong data-start=\"747\" data-end=\"762\">Komplektis:<\/strong><\/span><\/p>\n<ul data-start=\"765\" data-end=\"899\">\n<li data-start=\"765\" data-end=\"803\">\n<p data-start=\"767\" data-end=\"803\"><span style=\"font-size: 14px;\">6-liitrine tammevaat koos kraaniga<\/span><\/p>\n<\/li>\n<li data-start=\"804\" data-end=\"812\">\n<p data-start=\"806\" data-end=\"812\"><span style=\"font-size: 14px;\">kork<\/span><\/p>\n<\/li>\n<li data-start=\"813\" data-end=\"821\">\n<p data-start=\"815\" data-end=\"821\"><span style=\"font-size: 14px;\">alus<\/span><\/p>\n<\/li>\n<li data-start=\"822\" data-end=\"845\">\n<p data-start=\"824\" data-end=\"845\"><span style=\"font-size: 14px;\">vaadi kasutusjuhend<\/span><\/p>\n<\/li>\n<li data-start=\"846\" data-end=\"875\">\n<p data-start=\"848\" data-end=\"875\"><span style=\"font-size: 14px;\">kviitung v\u00f5i arve (KM-ga)<\/span><\/p>\n<\/li>\n<li data-start=\"876\" data-end=\"899\">\n<p data-start=\"878\" data-end=\"899\"><span style=\"font-size: 14px;\">12-kuuline garantii<\/span><\/p>\n<\/li>\n<\/ul>\n<\/div>\n<\/div>\n<p><\/p>","protected":false},"excerpt":{"rendered":"<h3 class=\"product_title entry-title wd-entities-title\"><span style=\"font-size: 16px;\">Tammevaat 6 liitrit (komplekt) Tume. Pronksist kraan<\/span><\/h3>\n","protected":false},"featured_media":15995,"template":"","meta":[],"product_cat":[368,447,448],"product_tag":[],"_links":{"self":[{"href":"https:\/\/tdbeer.ee\/et\/wp-json\/wp\/v2\/product\/15994"}],"collection":[{"href":"https:\/\/tdbeer.ee\/et\/wp-json\/wp\/v2\/product"}],"about":[{"href":"https:\/\/tdbeer.ee\/et\/wp-json\/wp\/v2\/types\/product"}],"wp:featuredmedia":[{"embeddable":true,"href":"https:\/\/tdbeer.ee\/et\/wp-json\/wp\/v2\/media\/15995"}],"wp:attachment":[{"href":"https:\/\/tdbeer.ee\/et\/wp-json\/wp\/v2\/media?parent=15994"}],"wp:term":[{"taxonomy":"product_cat","embeddable":true,"href":"https:\/\/tdbeer.ee\/et\/wp-json\/wp\/v2\/product_cat?post=15994"},{"taxonomy":"product_tag","embeddable":true,"href":"https:\/\/tdbeer.ee\/et\/wp-json\/wp\/v2\/product_tag?post=15994"}],"curies":[{"name":"wp","href":"https:\/\/api.w.org\/{rel}","templated":true}]}}