{"id":15996,"date":"2025-11-05T15:15:21","date_gmt":"2025-11-05T13:15:21","guid":{"rendered":"https:\/\/tdbeer.ee\/ru\/?post_type=product&#038;p=15996"},"modified":"2025-11-05T15:15:21","modified_gmt":"2025-11-05T13:15:21","slug":"puidust-kraan-vaadile-10-15-l","status":"publish","type":"product","link":"https:\/\/tdbeer.ee\/et\/p\/puidust-kraan-vaadile-10-15-l\/","title":{"rendered":"Puidust kraan vaadile (10\u201315 L)"},"content":{"rendered":"<p><\/p>\n<p data-start=\"120\" data-end=\"289\"><span style=\"font-size: 14px;\">Puidust kraan 10\u201315-liitrisele vaadile.<\/span><br data-start=\"197\" data-end=\"200\" \/><span style=\"font-size: 14px;\">Toiduk\u00f5lblik tamme kraan, m\u00f5eldud viina, veini v\u00f5i muude jookide vaatides kasutamiseks.<\/span><\/p>\n<p data-start=\"291\" data-end=\"315\"><span style=\"font-size: 14px;\"><strong data-start=\"291\" data-end=\"313\">Tehnilised andmed:<\/strong><\/span><\/p>\n<ul data-start=\"316\" data-end=\"425\">\n<li data-start=\"316\" data-end=\"341\">\n<p data-start=\"318\" data-end=\"341\"><span style=\"font-size: 14px;\">kraani pikkus: 115 mm<\/span><\/p>\n<\/li>\n<li data-start=\"342\" data-end=\"381\">\n<p data-start=\"344\" data-end=\"381\"><span style=\"font-size: 14px;\">ava l\u00e4bim\u00f5\u00f5t vaadis: umbes 14\u201316 mm<\/span><\/p>\n<\/li>\n<li data-start=\"382\" data-end=\"406\">\n<p data-start=\"384\" data-end=\"406\"><span style=\"font-size: 14px;\">kraan koos tihendiga<\/span><\/p>\n<\/li>\n<li data-start=\"407\" data-end=\"425\">\n<p data-start=\"409\" data-end=\"425\"><span style=\"font-size: 14px;\">materjal: tamm<\/span><\/p>\n<\/li>\n<\/ul>\n<p><\/p>","protected":false},"excerpt":{"rendered":"<h3><span style=\"font-size: 16px;\">Puidust kraan vaadile (10\u201315 L)<\/span><\/h3>\n","protected":false},"featured_media":15997,"template":"","meta":[],"product_cat":[368,447,448,451],"product_tag":[],"_links":{"self":[{"href":"https:\/\/tdbeer.ee\/et\/wp-json\/wp\/v2\/product\/15996"}],"collection":[{"href":"https:\/\/tdbeer.ee\/et\/wp-json\/wp\/v2\/product"}],"about":[{"href":"https:\/\/tdbeer.ee\/et\/wp-json\/wp\/v2\/types\/product"}],"wp:featuredmedia":[{"embeddable":true,"href":"https:\/\/tdbeer.ee\/et\/wp-json\/wp\/v2\/media\/15997"}],"wp:attachment":[{"href":"https:\/\/tdbeer.ee\/et\/wp-json\/wp\/v2\/media?parent=15996"}],"wp:term":[{"taxonomy":"product_cat","embeddable":true,"href":"https:\/\/tdbeer.ee\/et\/wp-json\/wp\/v2\/product_cat?post=15996"},{"taxonomy":"product_tag","embeddable":true,"href":"https:\/\/tdbeer.ee\/et\/wp-json\/wp\/v2\/product_tag?post=15996"}],"curies":[{"name":"wp","href":"https:\/\/api.w.org\/{rel}","templated":true}]}}