{"id":15998,"date":"2025-11-05T15:30:35","date_gmt":"2025-11-05T13:30:35","guid":{"rendered":"https:\/\/tdbeer.ee\/ru\/?post_type=product&#038;p=15998"},"modified":"2025-11-05T15:30:35","modified_gmt":"2025-11-05T13:30:35","slug":"puidust-kraan-vaadile-20-30-l","status":"publish","type":"product","link":"https:\/\/tdbeer.ee\/et\/p\/puidust-kraan-vaadile-20-30-l\/","title":{"rendered":"Puidust kraan vaadile (20\u201330 L)"},"content":{"rendered":"<p><\/p>\n<p data-start=\"120\" data-end=\"291\"><span style=\"font-size: 14px;\">Puidust kraan 20\u201350-liitrisele vaadile.<\/span><br data-start=\"197\" data-end=\"200\" \/><span style=\"font-size: 14px;\">Toiduk\u00f5lblik alkoholikraan, m\u00f5eldud viina, veini v\u00f5i muude jookide vaatides kasutamiseks.<\/span><\/p>\n<p data-start=\"293\" data-end=\"317\"><span style=\"font-size: 14px;\"><strong data-start=\"293\" data-end=\"315\">Tehnilised andmed:<\/strong><\/span><\/p>\n<ul data-start=\"318\" data-end=\"431\">\n<li data-start=\"318\" data-end=\"343\">\n<p data-start=\"320\" data-end=\"343\"><span style=\"font-size: 14px;\">kraani pikkus: 142 mm<\/span><\/p>\n<\/li>\n<li data-start=\"344\" data-end=\"383\">\n<p data-start=\"346\" data-end=\"383\"><span style=\"font-size: 14px;\">ava l\u00e4bim\u00f5\u00f5t vaadis: umbes 12\u201317 mm<\/span><\/p>\n<\/li>\n<li data-start=\"384\" data-end=\"408\">\n<p data-start=\"386\" data-end=\"408\"><span style=\"font-size: 14px;\">kraan koos tihendiga<\/span><\/p>\n<\/li>\n<li data-start=\"409\" data-end=\"431\">\n<p data-start=\"411\" data-end=\"431\"><span style=\"font-size: 14px;\">materjal: akaatsia<\/span><\/p>\n<\/li>\n<\/ul>\n<p><\/p>","protected":false},"excerpt":{"rendered":"<h3><span style=\"font-size: 16px;\">Puidust kraan vaadile (20\u201330 L)<\/span><\/h3>\n","protected":false},"featured_media":15999,"template":"","meta":[],"product_cat":[368,447,448,451],"product_tag":[],"_links":{"self":[{"href":"https:\/\/tdbeer.ee\/et\/wp-json\/wp\/v2\/product\/15998"}],"collection":[{"href":"https:\/\/tdbeer.ee\/et\/wp-json\/wp\/v2\/product"}],"about":[{"href":"https:\/\/tdbeer.ee\/et\/wp-json\/wp\/v2\/types\/product"}],"wp:featuredmedia":[{"embeddable":true,"href":"https:\/\/tdbeer.ee\/et\/wp-json\/wp\/v2\/media\/15999"}],"wp:attachment":[{"href":"https:\/\/tdbeer.ee\/et\/wp-json\/wp\/v2\/media?parent=15998"}],"wp:term":[{"taxonomy":"product_cat","embeddable":true,"href":"https:\/\/tdbeer.ee\/et\/wp-json\/wp\/v2\/product_cat?post=15998"},{"taxonomy":"product_tag","embeddable":true,"href":"https:\/\/tdbeer.ee\/et\/wp-json\/wp\/v2\/product_tag?post=15998"}],"curies":[{"name":"wp","href":"https:\/\/api.w.org\/{rel}","templated":true}]}}