{"id":16000,"date":"2025-11-05T15:44:23","date_gmt":"2025-11-05T13:44:23","guid":{"rendered":"https:\/\/tdbeer.ee\/ru\/?post_type=product&#038;p=16000"},"modified":"2025-11-05T15:44:23","modified_gmt":"2025-11-05T13:44:23","slug":"messingist-kraan-vaadile-50-225-l","status":"publish","type":"product","link":"https:\/\/tdbeer.ee\/et\/p\/messingist-kraan-vaadile-50-225-l\/","title":{"rendered":"Messingist kraan vaadile (50\u2013225 L)"},"content":{"rendered":"<p><\/p>\n<p data-start=\"120\" data-end=\"320\"><span style=\"font-size: 14px;\">Kullatud messingist alkoholikraan, m\u00f5eldud toiduks ja kasutamiseks vaadides viina, veini v\u00f5i muude jookide jaoks. Kraan sobib vaadile mahuga 50\u2013225 liitrit.<\/span><\/p>\n<ul data-start=\"322\" data-end=\"347\">\n<li data-start=\"322\" data-end=\"347\">\n<p data-start=\"324\" data-end=\"347\"><span style=\"font-size: 14px;\">keere l\u00e4bim\u00f5\u00f5t: 12 mm<\/span><\/p>\n<\/li>\n<\/ul>\n<p data-start=\"349\" data-end=\"578\"><span style=\"font-size: 14px;\">Uued keskmise suurusega kullatud kraanid alkoholi jaoks (Allegro-s pakutakse tavaliselt tavalisi messingkraane v\u00f5i veekraane). Kullatud kraan tagab, et messing ei reageeri tugeva alkoholiga, mis v\u00f5ib juhtuda tavakraanide puhul.<\/span><\/p>\n<p data-start=\"580\" data-end=\"662\"><span style=\"font-size: 14px;\">Professionaalne alkoholikraan &#8220;tilkumiskindel&#8221; \ud83d\ude09 Pakume ka koos tammevaatidega.<\/span><\/p>\n<p data-start=\"664\" data-end=\"761\"><span style=\"font-size: 14px;\">Meil on saadaval ka teisi messingist\/kullatud ja puidust kraane erinevates suurustes vaadidele.<\/span><\/p>\n<p data-start=\"763\" data-end=\"827\"><span style=\"font-size: 14px;\">Esemele kehtib garantii \u2013 vahetus uue vastu v\u00f5i raha tagastus.<\/span><\/p>\n<p><\/p>","protected":false},"excerpt":{"rendered":"<h3><span style=\"font-size: 16px;\">Messingist kraan vaadile (50\u2013225 L)<\/span><\/h3>\n","protected":false},"featured_media":16001,"template":"","meta":[],"product_cat":[368,447,448,451],"product_tag":[],"_links":{"self":[{"href":"https:\/\/tdbeer.ee\/et\/wp-json\/wp\/v2\/product\/16000"}],"collection":[{"href":"https:\/\/tdbeer.ee\/et\/wp-json\/wp\/v2\/product"}],"about":[{"href":"https:\/\/tdbeer.ee\/et\/wp-json\/wp\/v2\/types\/product"}],"wp:featuredmedia":[{"embeddable":true,"href":"https:\/\/tdbeer.ee\/et\/wp-json\/wp\/v2\/media\/16001"}],"wp:attachment":[{"href":"https:\/\/tdbeer.ee\/et\/wp-json\/wp\/v2\/media?parent=16000"}],"wp:term":[{"taxonomy":"product_cat","embeddable":true,"href":"https:\/\/tdbeer.ee\/et\/wp-json\/wp\/v2\/product_cat?post=16000"},{"taxonomy":"product_tag","embeddable":true,"href":"https:\/\/tdbeer.ee\/et\/wp-json\/wp\/v2\/product_tag?post=16000"}],"curies":[{"name":"wp","href":"https:\/\/api.w.org\/{rel}","templated":true}]}}