{"id":16004,"date":"2025-11-11T14:16:14","date_gmt":"2025-11-11T12:16:14","guid":{"rendered":"https:\/\/tdbeer.ee\/ru\/?post_type=product&#038;p=16004"},"modified":"2025-11-11T14:16:15","modified_gmt":"2025-11-11T12:16:15","slug":"turbo-parm-koji-angel-500g","status":"publish","type":"product","link":"https:\/\/tdbeer.ee\/et\/p\/turbo-parm-koji-angel-500g\/","title":{"rendered":"Turbo p\u00e4rm Koji Angel 500g"},"content":{"rendered":"<p><span style=\"font-size: 14px;\">Koji Angel on universaalne turbop\u00e4rm ens\u00fc\u00fcmikompleksiga, mis on m\u00f5eldud teraviljap\u00fcree ja -virrete valmistamiseks ilma eelneva keetmise v\u00f5i sahharifitseerimiseta. See toode \u00fchendab aktiivse p\u00e4rmi ja ens\u00fc\u00fcme, et tagada t\u00e4rklise efektiivne lagundamine tooraines.<\/span><\/p>\n<p><span style=\"font-size: 14px;\">Tootja: Hiina<\/span><br \/>\n<span style=\"font-size: 14px;\">Tootevorm: Pulber<\/span><br \/>\n<span style=\"font-size: 14px;\">Netokaal: 500 g<\/span><\/p>\n<p><span style=\"font-size: 14px;\">M\u00f5eldud teravilja, t\u00e4rkliserikaste ja keeruliste toorainesegude (riis, nisu, oder, mais, kaer jne) k\u00e4\u00e4ritamiseks.<\/span><\/p>\n<p><span style=\"font-size: 14px;\">Sisaldab aktiivset p\u00e4rmi ja ens\u00fc\u00fcmikompleksi: alfa-am\u00fclaas, gl\u00fckoam\u00fclaas ja f\u00fctoam\u00fclaas.<\/span><\/p>\n<p><span style=\"font-size: 14px;\">Tagab kiire ja t\u00e4ieliku k\u00e4\u00e4rimise k\u00f5rge alkoholisisaldusega.<\/span><\/p>\n<p><span style=\"font-size: 14px;\">V\u00f5imaldab teravilja k\u00e4\u00e4ritamist ilma keetmise v\u00f5i linnase lisamiseta.<\/span><\/p>\n<p><span style=\"font-size: 14px;\">\u00dcks pakend (500 g) on \u200b\u200bpiisav umbes 250-300 liitri p\u00fcree jaoks.<\/span><\/p>\n<p><span style=\"font-size: 14px;\">Annus: 7-10 g p\u00e4rmi 1 kg teravilja kohta.<\/span><\/p>\n<p><span style=\"font-size: 14px;\">N\u00e4idisretsept: 25 liitri vee ja 5 kg teravilja kohta kasutage umbes 50 g p\u00e4rmi.<\/span><\/p>\n<p><span style=\"font-size: 14px;\">Ettevalmistus: Aktiveerige p\u00e4rm eelnevalt soojas vees (20\u201330 \u00b0C) ja lisage ettevalmistatud virdele.<\/span><\/p>\n<p><span style=\"font-size: 14px;\">K\u00e4\u00e4ritustemperatuur: +23 kuni +30 \u00b0C.<\/span><\/p>\n<p><span style=\"font-size: 14px;\">K\u00e4\u00e4ritusaeg: 2\u20133 n\u00e4dalat (s\u00f5ltuvalt temperatuurist ja tera koostisest).<\/span><\/p>\n<p><span style=\"font-size: 14px;\">Hoida jahedas, kuivas ja otsese p\u00e4ikesevalguse ning niiskuse eest kaitstult. P\u00e4rast avamist on soovitatav pakend tihedalt sulgeda ja \u00e4ra tarvitada m\u00f5ne kuu jooksul.<\/span><\/p>\n<p><span style=\"font-size: 14px;\">Koji Angel erineb tavalisest \u00f5lle- v\u00f5i veinip\u00e4rmist selle poolest, et see sisaldab ens\u00fc\u00fcme, mis lagundavad automaatselt teraviljas sisalduvat t\u00e4rklist. See lihtsustab teraviljap\u00fcree valmistamise protsessi.<\/span><\/p>\n<p><span style=\"font-size: 14px;\">Selle toote kasutamine alkohoolsete jookide tootmisel v\u00f5ib olla seadusega reguleeritud, seega palun kontrollige enne kasutamist kohalikke eeskirju.<\/span><\/p>","protected":false},"excerpt":{"rendered":"<h3><span style=\"font-size: 16px;\">Turbo alkohoolne teraviljap\u00e4rm Koji Angel 500g<\/span><\/h3>\n","protected":false},"featured_media":16005,"template":"","meta":[],"product_cat":[405,533],"product_tag":[],"_links":{"self":[{"href":"https:\/\/tdbeer.ee\/et\/wp-json\/wp\/v2\/product\/16004"}],"collection":[{"href":"https:\/\/tdbeer.ee\/et\/wp-json\/wp\/v2\/product"}],"about":[{"href":"https:\/\/tdbeer.ee\/et\/wp-json\/wp\/v2\/types\/product"}],"wp:featuredmedia":[{"embeddable":true,"href":"https:\/\/tdbeer.ee\/et\/wp-json\/wp\/v2\/media\/16005"}],"wp:attachment":[{"href":"https:\/\/tdbeer.ee\/et\/wp-json\/wp\/v2\/media?parent=16004"}],"wp:term":[{"taxonomy":"product_cat","embeddable":true,"href":"https:\/\/tdbeer.ee\/et\/wp-json\/wp\/v2\/product_cat?post=16004"},{"taxonomy":"product_tag","embeddable":true,"href":"https:\/\/tdbeer.ee\/et\/wp-json\/wp\/v2\/product_tag?post=16004"}],"curies":[{"name":"wp","href":"https:\/\/api.w.org\/{rel}","templated":true}]}}