{"id":16006,"date":"2025-11-11T15:43:15","date_gmt":"2025-11-11T13:43:15","guid":{"rendered":"https:\/\/tdbeer.ee\/ru\/?post_type=product&#038;p=16006"},"modified":"2026-02-06T14:49:47","modified_gmt":"2026-02-06T12:49:47","slug":"aromaxl-200","status":"publish","type":"product","link":"https:\/\/tdbeer.ee\/et\/p\/aromaxl-200\/","title":{"rendered":"AromaXL 200"},"content":{"rendered":"<p><span style=\"font-size: 14px;\">25 liitri vedeliku valmistamiseks: lahustage 6 kg suhkrut 23 liitris kuumas vees. Laske jahtuda 20 kraadini Celsiuse j\u00e4rgi. Seej\u00e4rel lisage AromaXL 200 Turbo paki sisu ja segage uuesti. Ideaalne k\u00e4\u00e4rimistemperatuur on 25 kraadi Celsiuse j\u00e4rgi, kuid see v\u00f5ib olla veidi k\u00f5rgem. Vedelik on valmis 2\u20134 p\u00e4eva p\u00e4rast.<\/span><\/p>\n<p><span style=\"font-size: 14px;\">Valmistatud Suurbritannias<\/span><\/p>","protected":false},"excerpt":{"rendered":"<h3><span style=\"font-size: 16px;\">Turbo P\u00e4rm AromaXL 200<\/span><\/h3>\n","protected":false},"featured_media":16007,"template":"","meta":[],"product_cat":[405,533],"product_tag":[],"_links":{"self":[{"href":"https:\/\/tdbeer.ee\/et\/wp-json\/wp\/v2\/product\/16006"}],"collection":[{"href":"https:\/\/tdbeer.ee\/et\/wp-json\/wp\/v2\/product"}],"about":[{"href":"https:\/\/tdbeer.ee\/et\/wp-json\/wp\/v2\/types\/product"}],"wp:featuredmedia":[{"embeddable":true,"href":"https:\/\/tdbeer.ee\/et\/wp-json\/wp\/v2\/media\/16007"}],"wp:attachment":[{"href":"https:\/\/tdbeer.ee\/et\/wp-json\/wp\/v2\/media?parent=16006"}],"wp:term":[{"taxonomy":"product_cat","embeddable":true,"href":"https:\/\/tdbeer.ee\/et\/wp-json\/wp\/v2\/product_cat?post=16006"},{"taxonomy":"product_tag","embeddable":true,"href":"https:\/\/tdbeer.ee\/et\/wp-json\/wp\/v2\/product_tag?post=16006"}],"curies":[{"name":"wp","href":"https:\/\/api.w.org\/{rel}","templated":true}]}}