{"id":16014,"date":"2025-11-18T13:13:30","date_gmt":"2025-11-18T11:13:30","guid":{"rendered":"https:\/\/tdbeer.ee\/ru\/?post_type=product&#038;p=16014"},"modified":"2025-11-18T13:30:19","modified_gmt":"2025-11-18T11:30:19","slug":"peened-marmorist-killud","status":"publish","type":"product","link":"https:\/\/tdbeer.ee\/et\/p\/peened-marmorist-killud\/","title":{"rendered":"Peened marmorist killud"},"content":{"rendered":"<p><span style=\"font-size: 14px;\">K\u00e4\u00e4rimise parandamiseks loodud gravitsapa on \u00f5hukindel anum, mis on t\u00e4idetud peente marmorlaastudega ja asetatakse pesun\u00f5usse. Marmor reageerib virde happesusega, vabastades s\u00fcsihappegaasi, mis soodustab vedeliku \u00f5rna ja loomulikku loksumist. See aitab p\u00e4rmi ja toitaineid \u00fchtlaselt jaotada, stabiliseerib happesust ja kiirendab k\u00e4\u00e4rimist. Lisaks parandab marmorkuus joogi maitset, v\u00e4hendab soovimatute maitsete ohtu ja on pesuvalmiduse visuaalne indikaator: kui mullitamine lakkab, on k\u00e4\u00e4rimine l\u00f5ppenud. Laastude kasutamine muudab pesu ettevalmistamise lihtsamaks, ohutumaks ja prognoositavamaks.<\/span><\/p>\n<p><span style=\"font-size: 14px;\">Kaal: 2450 g<\/span><\/p>\n<p><span style=\"font-size: 14px;\">2 liitri joogi jaoks<\/span><\/p>","protected":false},"excerpt":{"rendered":"<h3><span style=\"font-size: 16px;\">Peened marmorist killud 2,45kg<\/span><\/h3>\n","protected":false},"featured_media":16015,"template":"","meta":[],"product_cat":[405,477,533],"product_tag":[],"_links":{"self":[{"href":"https:\/\/tdbeer.ee\/et\/wp-json\/wp\/v2\/product\/16014"}],"collection":[{"href":"https:\/\/tdbeer.ee\/et\/wp-json\/wp\/v2\/product"}],"about":[{"href":"https:\/\/tdbeer.ee\/et\/wp-json\/wp\/v2\/types\/product"}],"wp:featuredmedia":[{"embeddable":true,"href":"https:\/\/tdbeer.ee\/et\/wp-json\/wp\/v2\/media\/16015"}],"wp:attachment":[{"href":"https:\/\/tdbeer.ee\/et\/wp-json\/wp\/v2\/media?parent=16014"}],"wp:term":[{"taxonomy":"product_cat","embeddable":true,"href":"https:\/\/tdbeer.ee\/et\/wp-json\/wp\/v2\/product_cat?post=16014"},{"taxonomy":"product_tag","embeddable":true,"href":"https:\/\/tdbeer.ee\/et\/wp-json\/wp\/v2\/product_tag?post=16014"}],"curies":[{"name":"wp","href":"https:\/\/api.w.org\/{rel}","templated":true}]}}