{"id":16039,"date":"2025-12-09T12:04:11","date_gmt":"2025-12-09T10:04:11","guid":{"rendered":"https:\/\/tdbeer.ee\/ru\/?post_type=product&#038;p=16039"},"modified":"2026-03-31T11:15:24","modified_gmt":"2026-03-31T09:15:24","slug":"metallist-sisse-kraanid-ja-8mm-voolik","status":"publish","type":"product","link":"https:\/\/tdbeer.ee\/et\/p\/metallist-sisse-kraanid-ja-8mm-voolik\/","title":{"rendered":"Metallist sisse kraanid ja 8mm Voolik"},"content":{"rendered":"<p>Otstarve: \u00dchendab kraani voolikuga (sisel\u00e4bim\u00f5\u00f5t 8 mm).<br \/>\nEelised: Tagab turvalise ja lekkekindla \u00fchenduse.<\/p>","protected":false},"excerpt":{"rendered":"<h3><span style=\"font-size: 16px;\">Metallist sisse kraanid ja 8mm Voolik<\/span><\/h3>\n","protected":false},"featured_media":16040,"template":"","meta":[],"product_cat":[405,529],"product_tag":[],"_links":{"self":[{"href":"https:\/\/tdbeer.ee\/et\/wp-json\/wp\/v2\/product\/16039"}],"collection":[{"href":"https:\/\/tdbeer.ee\/et\/wp-json\/wp\/v2\/product"}],"about":[{"href":"https:\/\/tdbeer.ee\/et\/wp-json\/wp\/v2\/types\/product"}],"wp:featuredmedia":[{"embeddable":true,"href":"https:\/\/tdbeer.ee\/et\/wp-json\/wp\/v2\/media\/16040"}],"wp:attachment":[{"href":"https:\/\/tdbeer.ee\/et\/wp-json\/wp\/v2\/media?parent=16039"}],"wp:term":[{"taxonomy":"product_cat","embeddable":true,"href":"https:\/\/tdbeer.ee\/et\/wp-json\/wp\/v2\/product_cat?post=16039"},{"taxonomy":"product_tag","embeddable":true,"href":"https:\/\/tdbeer.ee\/et\/wp-json\/wp\/v2\/product_tag?post=16039"}],"curies":[{"name":"wp","href":"https:\/\/api.w.org\/{rel}","templated":true}]}}