{"id":16041,"date":"2025-12-09T17:57:09","date_gmt":"2025-12-09T15:57:09","guid":{"rendered":"https:\/\/tdbeer.ee\/ru\/?post_type=product&#038;p=16041"},"modified":"2025-12-09T17:57:10","modified_gmt":"2025-12-09T15:57:10","slug":"bullet-brew-belgian-cherry-ale","status":"publish","type":"product","link":"https:\/\/tdbeer.ee\/et\/p\/bullet-brew-belgian-cherry-ale\/","title":{"rendered":"Bullet Brew Belgian Cherry Ale"},"content":{"rendered":"<p><span style=\"font-size: 14px;\">Rubiinpunane \u00f5lu roosakasvalge vahuga. Aroomis on pehmed kirsinootid, millel on selgelt eristuv nisu iseloom ja Belgia p\u00e4rmisestrid. Maitses on hapukas kirss, mida tasakaalustab nisulinnase magus ja kreemjas olemus. Meeldivale happesusele j\u00e4rgnevad j\u00e4relmaitses esterilised Belgia p\u00e4rmi noodid.<\/span><\/p>\n<p><span style=\"font-size: 14px;\">See komplekt annab 18 liitrit<\/span><\/p>\n<p><span style=\"font-size: 14px;\">Alkoholisisaldus umbes: 5,8%<\/span><br \/>\n<span style=\"font-size: 14px;\">M\u00f5rkus: IBU 25-32<\/span><br \/>\n<span style=\"font-size: 14px;\">V\u00e4rvus: Rubiinpunane<\/span><br \/>\n<span style=\"font-size: 14px;\">P\u00e4rm: Belgian Ale 10 g<\/span><\/p>\n<p><span style=\"font-size: 14px;\">Koostisosad: Linnaseekstrakt (vaevu, nisu), kirsimahla kontsentraat (11%), gl\u00fckoosisiirup, l\u00f5hna- ja maitseained, happed (piimhape, \u00f5unhape, sidrunhape), kuivatatud p\u00e4rm, v\u00e4rvaine (antots\u00fcaniin), magusaine (atsesulfaam K), humalaekstrakt, s\u00e4ilitusained (naatriummetabisulfit, kaaliumsorbaat)<\/span><\/p>\n<p><span style=\"font-size: 14px;\">VAJALIKUD LISA K\u00c4\u00c4RITAMISAINED<\/span><br \/>\n<span style=\"font-size: 14px;\">K\u00e4\u00e4ritamiseks m\u00f5eldud suhkur: 0,5 kg<\/span><br \/>\n<span style=\"font-size: 14px;\">K\u00e4\u00e4ritamiseks m\u00f5eldud suhkur: 5 g sahharoosi liitri kohta<\/span><\/p>","protected":false},"excerpt":{"rendered":"<h3><span style=\"font-size: 16px;\">Bullet Brew Belgian Cherry Ale 2,4kg<\/span><\/h3>\n","protected":false},"featured_media":16042,"template":"","meta":[],"product_cat":[370,371,758],"product_tag":[],"_links":{"self":[{"href":"https:\/\/tdbeer.ee\/et\/wp-json\/wp\/v2\/product\/16041"}],"collection":[{"href":"https:\/\/tdbeer.ee\/et\/wp-json\/wp\/v2\/product"}],"about":[{"href":"https:\/\/tdbeer.ee\/et\/wp-json\/wp\/v2\/types\/product"}],"wp:featuredmedia":[{"embeddable":true,"href":"https:\/\/tdbeer.ee\/et\/wp-json\/wp\/v2\/media\/16042"}],"wp:attachment":[{"href":"https:\/\/tdbeer.ee\/et\/wp-json\/wp\/v2\/media?parent=16041"}],"wp:term":[{"taxonomy":"product_cat","embeddable":true,"href":"https:\/\/tdbeer.ee\/et\/wp-json\/wp\/v2\/product_cat?post=16041"},{"taxonomy":"product_tag","embeddable":true,"href":"https:\/\/tdbeer.ee\/et\/wp-json\/wp\/v2\/product_tag?post=16041"}],"curies":[{"name":"wp","href":"https:\/\/api.w.org\/{rel}","templated":true}]}}