{"id":16058,"date":"2025-12-16T11:49:27","date_gmt":"2025-12-16T09:49:27","guid":{"rendered":"https:\/\/tdbeer.ee\/ru\/?post_type=product&#038;p=16058"},"modified":"2025-12-16T11:49:27","modified_gmt":"2025-12-16T09:49:27","slug":"maltoosa-lindanisu","status":"publish","type":"product","link":"https:\/\/tdbeer.ee\/et\/p\/maltoosa-lindanisu\/","title":{"rendered":"Maltoosa LindaNisu"},"content":{"rendered":"<p><span style=\"font-size: 14px;\">Nisu- ja odralinnaste ekstraktist valmistatud komplekt, millest pruulida saksap\u00e4rane, klassikaline nisu\u00f5lu. Erilist isikup\u00e4ra lisab siin p\u00e4rm.<\/span><\/p>\n<p><span style=\"font-size: 14px;\">Komplekt sisaldab:<\/span><br \/>\n<span style=\"font-size: 14px;\">-Linnaseekstrakt humalaga 2,4 kg<\/span><br \/>\n<span style=\"font-size: 14px;\">-\u00d5llep\u00e4rm<\/span><br \/>\n<span style=\"font-size: 14px;\">-Valmistusjuhend<\/span><\/p>\n<p><span style=\"font-size: 14px;\">20 liitri kodu\u00f5lle pruulimiseks. 800g suhkru lisamisel tuleb kangust ligikaudu 5% mahust.<\/span><\/p>","protected":false},"excerpt":{"rendered":"<h3><span style=\"font-size: 16px;\">Maltoosa LindaNisu<\/span><\/h3>\n","protected":false},"featured_media":16059,"template":"","meta":[],"product_cat":[370,371,408],"product_tag":[],"_links":{"self":[{"href":"https:\/\/tdbeer.ee\/et\/wp-json\/wp\/v2\/product\/16058"}],"collection":[{"href":"https:\/\/tdbeer.ee\/et\/wp-json\/wp\/v2\/product"}],"about":[{"href":"https:\/\/tdbeer.ee\/et\/wp-json\/wp\/v2\/types\/product"}],"wp:featuredmedia":[{"embeddable":true,"href":"https:\/\/tdbeer.ee\/et\/wp-json\/wp\/v2\/media\/16059"}],"wp:attachment":[{"href":"https:\/\/tdbeer.ee\/et\/wp-json\/wp\/v2\/media?parent=16058"}],"wp:term":[{"taxonomy":"product_cat","embeddable":true,"href":"https:\/\/tdbeer.ee\/et\/wp-json\/wp\/v2\/product_cat?post=16058"},{"taxonomy":"product_tag","embeddable":true,"href":"https:\/\/tdbeer.ee\/et\/wp-json\/wp\/v2\/product_tag?post=16058"}],"curies":[{"name":"wp","href":"https:\/\/api.w.org\/{rel}","templated":true}]}}