{"id":16063,"date":"2025-12-17T12:00:34","date_gmt":"2025-12-17T10:00:34","guid":{"rendered":"https:\/\/tdbeer.ee\/ru\/?post_type=product&#038;p=16063"},"modified":"2025-12-17T12:01:19","modified_gmt":"2025-12-17T10:01:19","slug":"led-valgusti-aldar-lo1521-15-w","status":"publish","type":"product","link":"https:\/\/tdbeer.ee\/et\/p\/led-valgusti-aldar-lo1521-15-w\/","title":{"rendered":"LED-valgusti ALDAR LO1521, 15 W"},"content":{"rendered":"<p><strong><span style=\"font-size: 14px;\">T\u00fc\u00fcp: Aldar<\/span><\/strong><br \/>\n<strong><span style=\"font-size: 14px;\">V\u00f5imsus: 15W<\/span><\/strong><br \/>\n<span style=\"color: #ff0000;\"><strong><span style=\"font-size: 14px;\">Valgusvoog: 1250lm<\/span><\/strong><\/span><br \/>\n<strong><span style=\"font-size: 14px;\">V\u00e4rvitemperatuur: 4000K<\/span><\/strong><br \/>\n<strong><span style=\"font-size: 14px;\">CRI: &gt;80<\/span><\/strong><br \/>\n<strong><span style=\"font-size: 14px;\">Valgusvihu nurk: 120\u00b0<\/span><\/strong><br \/>\n<strong><span style=\"font-size: 14px;\">Pinge: 100-240V<\/span><\/strong><br \/>\n<strong><span style=\"font-size: 14px;\">EEI: G<\/span><\/strong><br \/>\n<strong><span style=\"font-size: 14px;\">M\u00f5\u00f5tmed: \u00f8 156&#215;75 mm<\/span><\/strong><br \/>\n<strong><span style=\"font-size: 14px;\">IP: IP20<\/span><\/strong><br \/>\n<strong><span style=\"font-size: 14px;\">on\/off ts\u00fcklid: &gt;20 000<\/span><\/strong><br \/>\n<strong><span style=\"font-size: 14px;\">IK: IK08<\/span><\/strong><\/p>","protected":false},"excerpt":{"rendered":"<h3><span style=\"font-size: 16px;\">LED-valgusti ALDAR LO1521 15W, 1250lm, 4000K, IP20<\/span><\/h3>\n","protected":false},"featured_media":16064,"template":"","meta":[],"product_cat":[756,757],"product_tag":[],"_links":{"self":[{"href":"https:\/\/tdbeer.ee\/et\/wp-json\/wp\/v2\/product\/16063"}],"collection":[{"href":"https:\/\/tdbeer.ee\/et\/wp-json\/wp\/v2\/product"}],"about":[{"href":"https:\/\/tdbeer.ee\/et\/wp-json\/wp\/v2\/types\/product"}],"wp:featuredmedia":[{"embeddable":true,"href":"https:\/\/tdbeer.ee\/et\/wp-json\/wp\/v2\/media\/16064"}],"wp:attachment":[{"href":"https:\/\/tdbeer.ee\/et\/wp-json\/wp\/v2\/media?parent=16063"}],"wp:term":[{"taxonomy":"product_cat","embeddable":true,"href":"https:\/\/tdbeer.ee\/et\/wp-json\/wp\/v2\/product_cat?post=16063"},{"taxonomy":"product_tag","embeddable":true,"href":"https:\/\/tdbeer.ee\/et\/wp-json\/wp\/v2\/product_tag?post=16063"}],"curies":[{"name":"wp","href":"https:\/\/api.w.org\/{rel}","templated":true}]}}