{"id":16153,"date":"2026-02-18T12:50:43","date_gmt":"2026-02-18T10:50:43","guid":{"rendered":"https:\/\/tdbeer.ee\/ru\/?post_type=product&#038;p=16153"},"modified":"2026-02-18T12:50:44","modified_gmt":"2026-02-18T10:50:44","slug":"pargilamp-80w-120-lm-w-4000k","status":"publish","type":"product","link":"https:\/\/tdbeer.ee\/et\/p\/pargilamp-80w-120-lm-w-4000k\/","title":{"rendered":"Pargilamp 80W 120 lm\/W 4000K"},"content":{"rendered":"<p><\/p>\n<div id=\"tab-description\" class=\"entry-content woocommerce-Tabs-panel woocommerce-Tabs-panel--description wd-active wd-scroll wd-accordion-content\" role=\"tabpanel\" aria-labelledby=\"tab-title-description\" data-accordion-index=\"description\">\n<div class=\"wc-tab-inner wd-scroll-content\">\n<p><span style=\"font-size: 14px;\">LED pargilamp on energias\u00e4\u00e4stlik ja vastupidav v\u00e4lisvalgusti, mis sobib parkide, jalak\u00e4ijate teede, hoovide ja avalike alade valgustamiseks. Kaasaegne disain tagab \u00fchtlase ja meeldiva neutraalvalge valguse.<\/span><\/p>\n<p><span style=\"font-size: 14px;\">V\u00f5imsus: 80 W<\/span><br \/>\n<span style=\"font-size: 14px;\">Valgust\u00f5husus: 120 lm\/W<\/span><br \/>\n<span style=\"font-size: 14px;\">V\u00e4rvitemperatuur: 4000 K (neutraalvalge)<\/span><br \/>\n<span style=\"font-size: 14px;\">Valgusvoog: 6000 lm<\/span><br \/>\n<span style=\"font-size: 14px;\">Paigaldus: posti otsa<\/span><br \/>\n<span style=\"font-size: 14px;\">Kasutusala: v\u00e4lisvalgustus<\/span><br \/>\n<span style=\"font-size: 14px;\">Tehnoloogia: LED<\/span><br \/>\n<span style=\"font-size: 14px;\">Korpus: vastupidav metallkonstruktsioon<\/span><\/p>\n<\/div>\n<\/div>\n<p><\/p>","protected":false},"excerpt":{"rendered":"<h3><span style=\"font-size: 16px;\">Pargilamp 80W 120 lm\/W 4000K<\/span><\/h3>\n","protected":false},"featured_media":16152,"template":"","meta":[],"product_cat":[756,757],"product_tag":[],"_links":{"self":[{"href":"https:\/\/tdbeer.ee\/et\/wp-json\/wp\/v2\/product\/16153"}],"collection":[{"href":"https:\/\/tdbeer.ee\/et\/wp-json\/wp\/v2\/product"}],"about":[{"href":"https:\/\/tdbeer.ee\/et\/wp-json\/wp\/v2\/types\/product"}],"wp:featuredmedia":[{"embeddable":true,"href":"https:\/\/tdbeer.ee\/et\/wp-json\/wp\/v2\/media\/16152"}],"wp:attachment":[{"href":"https:\/\/tdbeer.ee\/et\/wp-json\/wp\/v2\/media?parent=16153"}],"wp:term":[{"taxonomy":"product_cat","embeddable":true,"href":"https:\/\/tdbeer.ee\/et\/wp-json\/wp\/v2\/product_cat?post=16153"},{"taxonomy":"product_tag","embeddable":true,"href":"https:\/\/tdbeer.ee\/et\/wp-json\/wp\/v2\/product_tag?post=16153"}],"curies":[{"name":"wp","href":"https:\/\/api.w.org\/{rel}","templated":true}]}}