{"id":16155,"date":"2026-02-18T13:39:11","date_gmt":"2026-02-18T11:39:11","guid":{"rendered":"https:\/\/tdbeer.ee\/ru\/?post_type=product&#038;p=16155"},"modified":"2026-02-18T13:39:11","modified_gmt":"2026-02-18T11:39:11","slug":"valine-led-valgusti-prima-15w-1500-lm-4000k-ip65","status":"publish","type":"product","link":"https:\/\/tdbeer.ee\/et\/p\/valine-led-valgusti-prima-15w-1500-lm-4000k-ip65\/","title":{"rendered":"V\u00e4line LED valgusti PRIMA 15W, 1500 lm, 4000K, IP65"},"content":{"rendered":"<p><span style=\"font-size: 14px;\">PRIMA LED v\u00e4lisvalgusti on energias\u00e4\u00e4stlik ja t\u00f6\u00f6kindel lahendus hoovide, fassaadide, sissep\u00e4\u00e4sude ja tehniliste alade valgustamiseks. IP65 kaitseaste tagab vastupidavuse tolmu ja niiskuse vastu.<\/span><\/p>\n<p><span style=\"font-size: 14px;\">V\u00f5imsus: 15 W<\/span><br \/>\n<span style=\"font-size: 14px;\">Valgusvoog: 1500 lm<\/span><br \/>\n<span style=\"font-size: 14px;\">V\u00e4rvitemperatuur: 4000 K (neutraalvalge)<\/span><br \/>\n<span style=\"font-size: 14px;\">Kaitseaste: IP65<\/span><br \/>\n<span style=\"font-size: 14px;\">Kasutusala: v\u00e4lisvalgustus<\/span><br \/>\n<span style=\"font-size: 14px;\">Tehnoloogia: LED<\/span><br \/>\n<span style=\"font-size: 14px;\">Paigaldus: seinale v\u00f5i pinnale<\/span><br \/>\n<span style=\"font-size: 14px;\">Korpus: vastupidav ja ilmastikukindel<\/span><\/p>","protected":false},"excerpt":{"rendered":"<h3><span style=\"font-size: 16px;\">V\u00e4line LED valgusti PRIMA 15W, 1500 lm, 4000K, IP65<\/span><\/h3>\n","protected":false},"featured_media":16156,"template":"","meta":[],"product_cat":[756,757],"product_tag":[],"_links":{"self":[{"href":"https:\/\/tdbeer.ee\/et\/wp-json\/wp\/v2\/product\/16155"}],"collection":[{"href":"https:\/\/tdbeer.ee\/et\/wp-json\/wp\/v2\/product"}],"about":[{"href":"https:\/\/tdbeer.ee\/et\/wp-json\/wp\/v2\/types\/product"}],"wp:featuredmedia":[{"embeddable":true,"href":"https:\/\/tdbeer.ee\/et\/wp-json\/wp\/v2\/media\/16156"}],"wp:attachment":[{"href":"https:\/\/tdbeer.ee\/et\/wp-json\/wp\/v2\/media?parent=16155"}],"wp:term":[{"taxonomy":"product_cat","embeddable":true,"href":"https:\/\/tdbeer.ee\/et\/wp-json\/wp\/v2\/product_cat?post=16155"},{"taxonomy":"product_tag","embeddable":true,"href":"https:\/\/tdbeer.ee\/et\/wp-json\/wp\/v2\/product_tag?post=16155"}],"curies":[{"name":"wp","href":"https:\/\/api.w.org\/{rel}","templated":true}]}}