{"id":16157,"date":"2026-02-18T13:52:54","date_gmt":"2026-02-18T11:52:54","guid":{"rendered":"https:\/\/tdbeer.ee\/ru\/?post_type=product&#038;p=16157"},"modified":"2026-02-18T13:52:54","modified_gmt":"2026-02-18T11:52:54","slug":"valine-led-valgusti-tora-8w-sensoriga-1000-lm-2700k-ip65","status":"publish","type":"product","link":"https:\/\/tdbeer.ee\/et\/p\/valine-led-valgusti-tora-8w-sensoriga-1000-lm-2700k-ip65\/","title":{"rendered":"V\u00e4line LED valgusti TORA 8W, sensoriga, 1000 lm, 2700K, IP65"},"content":{"rendered":"<p><span style=\"font-size: 14px;\">TORA LED v\u00e4lisvalgusti liikumisanduriga on energias\u00e4\u00e4stlik lahendus hoovide, sissep\u00e4\u00e4sude ja fassaadide valgustamiseks. Sisseehitatud sensor l\u00fclitab valguse automaatselt sisse liikumise tuvastamisel, tagades mugavuse ja energias\u00e4\u00e4stu.<\/span><\/p>\n<p><span style=\"font-size: 14px;\">V\u00f5imsus: 8 W<\/span><br \/>\n<span style=\"font-size: 14px;\">Valgusvoog: 1000 lm<\/span><br \/>\n<span style=\"font-size: 14px;\">V\u00e4rvitemperatuur: 2700 K (soe valge)<\/span><br \/>\n<span style=\"font-size: 14px;\">Sensor: liikumisandur<\/span><br \/>\n<span style=\"font-size: 14px;\">Kaitseaste: IP65<\/span><br \/>\n<span style=\"font-size: 14px;\">Kasutusala: v\u00e4lisvalgustus<\/span><br \/>\n<span style=\"font-size: 14px;\">Paigaldus: seinale v\u00f5i pinnale<\/span><br \/>\n<span style=\"font-size: 14px;\">Tehnoloogia: LED<\/span><br \/>\n<span style=\"font-size: 14px;\">Korpus: ilmastikukindel<\/span><\/p>","protected":false},"excerpt":{"rendered":"<h3><span style=\"font-size: 16px;\">V\u00e4line LED valgusti TORA 8W, sensoriga, 1000 lm, 2700K, IP65<\/span><\/h3>\n","protected":false},"featured_media":16158,"template":"","meta":[],"product_cat":[756,757],"product_tag":[],"_links":{"self":[{"href":"https:\/\/tdbeer.ee\/et\/wp-json\/wp\/v2\/product\/16157"}],"collection":[{"href":"https:\/\/tdbeer.ee\/et\/wp-json\/wp\/v2\/product"}],"about":[{"href":"https:\/\/tdbeer.ee\/et\/wp-json\/wp\/v2\/types\/product"}],"wp:featuredmedia":[{"embeddable":true,"href":"https:\/\/tdbeer.ee\/et\/wp-json\/wp\/v2\/media\/16158"}],"wp:attachment":[{"href":"https:\/\/tdbeer.ee\/et\/wp-json\/wp\/v2\/media?parent=16157"}],"wp:term":[{"taxonomy":"product_cat","embeddable":true,"href":"https:\/\/tdbeer.ee\/et\/wp-json\/wp\/v2\/product_cat?post=16157"},{"taxonomy":"product_tag","embeddable":true,"href":"https:\/\/tdbeer.ee\/et\/wp-json\/wp\/v2\/product_tag?post=16157"}],"curies":[{"name":"wp","href":"https:\/\/api.w.org\/{rel}","templated":true}]}}