{"id":16159,"date":"2026-02-18T14:10:56","date_gmt":"2026-02-18T12:10:56","guid":{"rendered":"https:\/\/tdbeer.ee\/ru\/?post_type=product&#038;p=16159"},"modified":"2026-02-18T14:10:56","modified_gmt":"2026-02-18T12:10:56","slug":"led-toovalgusti-statiiviga-20w-2100-lm-4000k-ip20","status":"publish","type":"product","link":"https:\/\/tdbeer.ee\/et\/p\/led-toovalgusti-statiiviga-20w-2100-lm-4000k-ip20\/","title":{"rendered":"LED t\u00f6\u00f6valgusti statiiviga 20W, 2100 lm, 4000K, IP20"},"content":{"rendered":"<p><span style=\"font-size: 14px;\">LED t\u00f6\u00f6valgusti statiiviga on praktiline ja energias\u00e4\u00e4stlik lahendus sisevalgustuseks t\u00f6\u00f6kohtadel, garaa\u017eides ja t\u00f6\u00f6kodades. Statiiv tagab stabiilsuse ja v\u00f5imaldab valgust suunata vastavalt vajadusele.<\/span><\/p>\n<p><span style=\"font-size: 14px;\">V\u00f5imsus: 20 W<\/span><br \/>\n<span style=\"font-size: 14px;\">Valgusvoog: 2100 lm<\/span><br \/>\n<span style=\"font-size: 14px;\">V\u00e4rvitemperatuur: 4000 K (neutraalvalge)<\/span><br \/>\n<span style=\"font-size: 14px;\">Kaitseaste: IP20<\/span><br \/>\n<span style=\"font-size: 14px;\">Paigaldus: statiiviga, teisaldatav<\/span><br \/>\n<span style=\"font-size: 14px;\">Kasutusala: sisevalgustus<\/span><br \/>\n<span style=\"font-size: 14px;\">Tehnoloogia: LED<\/span><br \/>\n<span style=\"font-size: 14px;\">Korpus: vastupidav konstruktsioon<\/span><\/p>","protected":false},"excerpt":{"rendered":"<h3><span style=\"font-size: 16px;\">LED t\u00f6\u00f6valgusti statiiviga 20W, 2100 lm, 4000K, IP20<\/span><\/h3>\n","protected":false},"featured_media":16160,"template":"","meta":[],"product_cat":[756,757],"product_tag":[],"_links":{"self":[{"href":"https:\/\/tdbeer.ee\/et\/wp-json\/wp\/v2\/product\/16159"}],"collection":[{"href":"https:\/\/tdbeer.ee\/et\/wp-json\/wp\/v2\/product"}],"about":[{"href":"https:\/\/tdbeer.ee\/et\/wp-json\/wp\/v2\/types\/product"}],"wp:featuredmedia":[{"embeddable":true,"href":"https:\/\/tdbeer.ee\/et\/wp-json\/wp\/v2\/media\/16160"}],"wp:attachment":[{"href":"https:\/\/tdbeer.ee\/et\/wp-json\/wp\/v2\/media?parent=16159"}],"wp:term":[{"taxonomy":"product_cat","embeddable":true,"href":"https:\/\/tdbeer.ee\/et\/wp-json\/wp\/v2\/product_cat?post=16159"},{"taxonomy":"product_tag","embeddable":true,"href":"https:\/\/tdbeer.ee\/et\/wp-json\/wp\/v2\/product_tag?post=16159"}],"curies":[{"name":"wp","href":"https:\/\/api.w.org\/{rel}","templated":true}]}}