{"id":16170,"date":"2026-03-03T11:22:35","date_gmt":"2026-03-03T09:22:35","guid":{"rendered":"https:\/\/tdbeer.ee\/ru\/?post_type=product&#038;p=16170"},"modified":"2026-03-07T11:19:39","modified_gmt":"2026-03-07T09:19:39","slug":"parm-pro500-turbo-mix-17-kg","status":"publish","type":"product","link":"https:\/\/tdbeer.ee\/et\/p\/parm-pro500-turbo-mix-17-kg\/","title":{"rendered":"P\u00e4rm PRO500 Turbo Mix 1,7 kg"},"content":{"rendered":"<p><\/p>\n<p data-start=\"55\" data-end=\"149\"><span style=\"font-size: 14px;\"><strong data-start=\"55\" data-end=\"149\">Professionaalne p\u00e4rmi ja mikroelementide segu kiireks fermentatsiooniks. T\u00f6\u00f6stuslik toode.<\/strong><\/span><\/p>\n<p data-start=\"151\" data-end=\"482\"><span style=\"font-size: 14px;\"><strong data-start=\"151\" data-end=\"162\">Juhend:<\/strong><\/span><br data-start=\"162\" data-end=\"165\" \/><span style=\"font-size: 14px;\">125 kg suhkrut segada hoolikalt puhta, sooja veega kuni kogumahuni 500 l.<\/span><br data-start=\"238\" data-end=\"241\" \/><span style=\"font-size: 14px;\">P\u00e4rm lisada virdele temperatuuril 25\u201328\u00b0C.<\/span><br data-start=\"283\" data-end=\"286\" \/><span style=\"font-size: 14px;\">Optimaalne k\u00e4\u00e4rimistemperatuur on 22\u201325\u00b0C.<\/span><br data-start=\"328\" data-end=\"331\" \/><span style=\"font-size: 14px;\">K\u00e4\u00e4rimise ajal tuleb temperatuuri j\u00e4lgida, et see ei \u00fcletaks 26\u00b0C.<\/span><br data-start=\"397\" data-end=\"400\" \/><span style=\"font-size: 14px;\">K\u00e4\u00e4rimisaeg 2\u20135 p\u00e4eva s\u00f5ltuvalt \u00fcmbritsevast temperatuurist ja virde koostisest.<\/span><\/p>\n<p data-start=\"484\" data-end=\"528\"><span style=\"font-size: 14px;\"><strong data-start=\"484\" data-end=\"516\">Maksimaalne alkoholitaluvus:<\/strong> kuni 18%.<\/span><\/p>\n<p data-start=\"530\" data-end=\"592\"><span style=\"font-size: 14px;\"><strong data-start=\"530\" data-end=\"542\">Koostis:<\/strong> p\u00e4rm, toitaine, mikroelemendid, ens\u00fc\u00fcm am\u00fclaas.<\/span><\/p>\n<p data-start=\"594\" data-end=\"649\"><span style=\"font-size: 14px;\"><strong data-start=\"594\" data-end=\"610\">Doseerimine:<\/strong> 1,7 kg \/ 500 l virret (3,4 g \/ 1 l).<\/span><\/p>\n<p data-start=\"651\" data-end=\"671\"><span style=\"font-size: 14px;\">Valmistatud Rootsis.<\/span><\/p>\n<p><\/p>","protected":false},"excerpt":{"rendered":"<h3><span style=\"font-size: 16px;\">P\u00e4rm PRO500 Turbo Mix 1,7 kg<\/span><\/h3>\n","protected":false},"featured_media":16171,"template":"","meta":[],"product_cat":[405,533],"product_tag":[],"_links":{"self":[{"href":"https:\/\/tdbeer.ee\/et\/wp-json\/wp\/v2\/product\/16170"}],"collection":[{"href":"https:\/\/tdbeer.ee\/et\/wp-json\/wp\/v2\/product"}],"about":[{"href":"https:\/\/tdbeer.ee\/et\/wp-json\/wp\/v2\/types\/product"}],"wp:featuredmedia":[{"embeddable":true,"href":"https:\/\/tdbeer.ee\/et\/wp-json\/wp\/v2\/media\/16171"}],"wp:attachment":[{"href":"https:\/\/tdbeer.ee\/et\/wp-json\/wp\/v2\/media?parent=16170"}],"wp:term":[{"taxonomy":"product_cat","embeddable":true,"href":"https:\/\/tdbeer.ee\/et\/wp-json\/wp\/v2\/product_cat?post=16170"},{"taxonomy":"product_tag","embeddable":true,"href":"https:\/\/tdbeer.ee\/et\/wp-json\/wp\/v2\/product_tag?post=16170"}],"curies":[{"name":"wp","href":"https:\/\/api.w.org\/{rel}","templated":true}]}}